{"id":3944,"date":"2025-11-13T12:17:19","date_gmt":"2025-11-13T15:17:19","guid":{"rendered":"https:\/\/desertking.com\/?page_id=3944"},"modified":"2025-11-18T20:02:17","modified_gmt":"2025-11-18T23:02:17","slug":"canal-de-denuncias-anonimas","status":"publish","type":"page","link":"https:\/\/desertking.com\/es\/canal-de-denuncias-anonimas\/","title":{"rendered":"Canal de Denuncias An\u00f3nimas"},"content":{"rendered":"<div class=\"wpb-content-wrapper\">[vc_row el_class=\u00bbdenuncias-class\u00bb][vc_column css=\u00bb.vc_custom_1743017741939{margin-top: 10px !important;margin-bottom: 30px !important;}\u00bb][vc_row_inner][vc_column_inner][vc_column_text align=\u00bbcenter\u00bb css=\u00bb.vc_custom_1763062044444{margin-bottom: 0px !important;}\u00bb]\n<h2 style=\"text-align: center;\">Canal de Denuncias An\u00f3nimas<\/h2>\n[\/vc_column_text][vc_separator color=\u00bbwhite\u00bb align=\u00bbalign_left\u00bb border_width=\u00bb3&#8243; el_width=\u00bb50&#8243; css=\u00bb\u00bb][vc_column_text el_class=\u00bbkei\u00bb css=\u00bb.vc_custom_1763047151387{margin-bottom: 0px !important;}\u00bb]Este canal permite reportar de manera confidencial y an\u00f3nima cualquier conducta o actividad realizada por miembros de la organizaci\u00f3n, o personas vinculadas a ella, que pueda constituir una infracci\u00f3n a leyes, normativas, c\u00f3digos, reglamentos, pol\u00edticas internas o principios \u00e9ticos.[\/vc_column_text][vc_column_text el_class=\u00bbkei\u00bb css=\u00bb.vc_custom_1763506924192{margin-bottom: 0px !important;}\u00bb]Desert King cuenta con un Manual de \u00c9tica que establece los principios y normas que rigen nuestra conducta interna.[\/vc_column_text][vc_empty_space][vc_column_text el_class=\u00bbleadership-list\u00bb css=\u00bb.vc_custom_1763047168705{margin-bottom: 0px !important;}\u00bb]\n<div class=\"smtxt\">Este canal de denuncias no es un servicio de emergencia:\u00a0No utilice este sitio para reportar sucesos que representen una amenaza inmediata a la vida o la propiedad. Las denuncias presentadas mediante este servicio no reciben una respuesta instant\u00e1nea, ya que requieren un an\u00e1lisis detallado.<\/div>\n[\/vc_column_text][vc_empty_space]\n<div class=\"wpcf7 no-js\" id=\"wpcf7-f3942-o1\" lang=\"en-US\" dir=\"ltr\" data-wpcf7-id=\"3942\">\n<div class=\"screen-reader-response\"><p role=\"status\" aria-live=\"polite\" aria-atomic=\"true\"><\/p> <ul><\/ul><\/div>\n<form action=\"\/es\/wp-json\/wp\/v2\/pages\/3944#wpcf7-f3942-o1\" method=\"post\" class=\"wpcf7-form init\" aria-label=\"Contact form\" novalidate=\"novalidate\" data-status=\"init\">\n<fieldset class=\"hidden-fields-container\"><input type=\"hidden\" name=\"_wpcf7\" value=\"3942\" \/><input type=\"hidden\" name=\"_wpcf7_version\" value=\"6.1.5\" \/><input type=\"hidden\" name=\"_wpcf7_locale\" value=\"en_US\" \/><input type=\"hidden\" name=\"_wpcf7_unit_tag\" value=\"wpcf7-f3942-o1\" \/><input type=\"hidden\" name=\"_wpcf7_container_post\" value=\"0\" \/><input type=\"hidden\" name=\"_wpcf7_posted_data_hash\" value=\"\" \/><input type=\"hidden\" name=\"_wpcf7_recaptcha_response\" value=\"\" \/>\n<\/fieldset>\n<div class=\"contact-form-container\" style=\"display: flex;\">\n\t<div class=\"left-column\" style=\"flex: 1%;\">\n\t\t<div style=\"display: flex;\">\n\t\t\t<div style=\"margin-right: 10px;\">\n\t\t\t<\/div>\n\t\t\t<div>\n\t\t\t<\/div>\n\t\t<\/div>\n\t\t<div style=\"display: flex; margin-top: 10px;\">\n\t\t\t<div style=\"margin-right: 10px;\">\n\t\t\t<\/div>\n\t\t<\/div>\n\t<\/div>\n\t<div class=\"right-column\" style=\"flex: 99%;\">\n\t\t<p><label> Mensaje<br \/>\n<span class=\"wpcf7-form-control-wrap\" data-name=\"message\"><textarea cols=\"40\" rows=\"10\" maxlength=\"2000\" class=\"wpcf7-form-control wpcf7-textarea wpcf7-validates-as-required\" aria-required=\"true\" aria-invalid=\"false\" name=\"message\"><\/textarea><\/span> <\/label><br \/>\n<label>\n\t\t\t<span class=\"wpcf7-form-control-wrap recaptcha\" data-name=\"recaptcha\"><span data-sitekey=\"6Ldqc_gpAAAAABtNb2skoj3skvDnafYtMAPQMqcH\" class=\"wpcf7-form-control wpcf7-recaptcha g-recaptcha\"><\/span>\r\n<noscript>\r\n\t<div class=\"grecaptcha-noscript\">\r\n\t\t<iframe loading=\"lazy\" src=\"https:\/\/www.google.com\/recaptcha\/api\/fallback?k=6Ldqc_gpAAAAABtNb2skoj3skvDnafYtMAPQMqcH\" frameborder=\"0\" scrolling=\"no\" width=\"310\" height=\"430\">\r\n\t\t<\/iframe>\r\n\t\t<textarea name=\"g-recaptcha-response\" rows=\"3\" cols=\"40\" placeholder=\"reCaptcha Response Here\">\r\n\t\t<\/textarea>\r\n\t<\/div>\r\n<\/noscript>\r\n<\/span><\/label>\n\t\t<\/p>\n\t<\/div>\n<\/div>\n<div class=\"footer-submit-btn\" style=\"text-align: center;margin-top: 15px;\">\n\t<p><input class=\"wpcf7-form-control wpcf7-submit has-spinner\" type=\"submit\" value=\"ENVIAR\" \/>\n\t<\/p>\n<\/div><div class=\"wpcf7-response-output\" aria-hidden=\"true\"><\/div>\n<\/form>\n<\/div>\n[\/vc_column_inner][\/vc_row_inner][\/vc_column][\/vc_row][vc_row fullwidth=\u00bbtrue\u00bb fullwidth_content=\u00bbfalse\u00bb disable_element=\u00bbyes\u00bb css=\u00bb.vc_custom_1647978743582{background-color: #f0f0f0 !important;}\u00bb][vc_column][vc_row_inner][vc_column_inner][vc_cta h2=\u00bb\u00bb txt_align=\u00bbcenter\u00bb shape=\u00bbsquare\u00bb style=\u00bbflat\u00bb add_icon=\u00bbleft\u00bb i_icon_fontawesome=\u00bbfa fa-exclamation-circle\u00bb i_color=\u00bbcustom\u00bb i_size=\u00bblg\u00bb i_custom_color=\u00bb#cccccc\u00bb]\n<p style=\"text-align: left;\"><strong><span style=\"color: #99cc00;\">Hemos sido notificados de los intentos de estafa en nombre de Desert King.<\/span><\/strong><br \/>\nPor favor, no dude en llamarnos o enviar un correo electr\u00f3nico a Desert King en caso de cualquier duda.[\/vc_cta][\/vc_column_inner][\/vc_row_inner][\/vc_column][\/vc_row]\n<\/div>","protected":false},"excerpt":{"rendered":"<p>[vc_row el_class=\u00bbdenuncias-class\u00bb][vc_column css=\u00bb.vc_custom_1743017741939{margin-top: 10px !important;margin-bottom: 30px !important;}\u00bb][vc_row_inner][vc_column_inner][vc_column_text align=\u00bbcenter\u00bb css=\u00bb.vc_custom_1763062044444{margin-bottom: 0px !important;}\u00bb] Canal de Denuncias An\u00f3nimas [\/vc_column_text][vc_separator color=\u00bbwhite\u00bb align=\u00bbalign_left\u00bb border_width=\u00bb3&#8243; el_width=\u00bb50&#8243; css=\u00bb\u00bb][vc_column_text el_class=\u00bbkei\u00bb css=\u00bb.vc_custom_1763047151387{margin-bottom: 0px !important;}\u00bb]Este canal permite reportar de manera confidencial y an\u00f3nima cualquier conducta o actividad realizada por miembros de la organizaci\u00f3n, o personas vinculadas a ella, que pueda constituir una infracci\u00f3n a leyes, [&hellip;]<\/p>\n","protected":false},"author":7,"featured_media":0,"parent":0,"menu_order":0,"comment_status":"closed","ping_status":"closed","template":"","meta":{"rs_blank_template":"","rs_page_bg_color":"","slide_template_v7":"","footnotes":""},"class_list":["post-3944","page","type-page","status-publish","hentry"],"_links":{"self":[{"href":"https:\/\/desertking.com\/es\/wp-json\/wp\/v2\/pages\/3944","targetHints":{"allow":["GET"]}}],"collection":[{"href":"https:\/\/desertking.com\/es\/wp-json\/wp\/v2\/pages"}],"about":[{"href":"https:\/\/desertking.com\/es\/wp-json\/wp\/v2\/types\/page"}],"author":[{"embeddable":true,"href":"https:\/\/desertking.com\/es\/wp-json\/wp\/v2\/users\/7"}],"replies":[{"embeddable":true,"href":"https:\/\/desertking.com\/es\/wp-json\/wp\/v2\/comments?post=3944"}],"version-history":[{"count":0,"href":"https:\/\/desertking.com\/es\/wp-json\/wp\/v2\/pages\/3944\/revisions"}],"wp:attachment":[{"href":"https:\/\/desertking.com\/es\/wp-json\/wp\/v2\/media?parent=3944"}],"curies":[{"name":"wp","href":"https:\/\/api.w.org\/{rel}","templated":true}]}}