{"id":3547,"date":"2025-05-14T20:31:55","date_gmt":"2025-05-14T23:31:55","guid":{"rendered":"https:\/\/desertkingdev.wpenginepowered.com\/medio-ambiente-y-mineria\/"},"modified":"2025-05-14T22:54:31","modified_gmt":"2025-05-15T01:54:31","slug":"medio-ambiente-y-mineria","status":"publish","type":"page","link":"https:\/\/desertking.com\/es\/medio-ambiente-y-mineria\/","title":{"rendered":"Medio ambiente y miner\u00eda"},"content":{"rendered":"<div class=\"wpb-content-wrapper\">[mk_page_section bg_image=\u00bbhttps:\/\/desertking.com\/wp-content\/uploads\/2015\/09\/minning_interior1.jpg\u00bb bg_position=\u00bbcenter top\u00bb bg_repeat=\u00bbno-repeat\u00bb bg_stretch=\u00bbtrue\u00bb enable_3d=\u00bbtrue\u00bb speed_factor=\u00bb-0.3&#8243; sidebar=\u00bbsidebar-1&#8243;][vc_column][vc_row_inner][vc_column_inner][vc_empty_space height=\u00bb250px\u00bb][vc_custom_heading text=\u00bbAplicaciones mineras\u00bb font_container=\u00bbtag:h2|font_size:50px|text_align:center|color:%23ffffff\u00bb google_fonts=\u00bbfont_family:Raleway%3A100%2C200%2C300%2Cregular%2C500%2C600%2C700%2C800%2C900|font_style:300%20light%20regular%3A300%3Anormal\u00bb][vc_separator color=\u00bbwhite\u00bb el_width=\u00bb50&#8243;][vc_empty_space height=\u00bb50px\u00bb][vc_column_text align=\u00bbcenter\u00bb]<span style=\"color: #ffffff; font-size: 20px;\">  Supresor de la niebla \u00e1cida  <\/span>[\/vc_column_text][vc_empty_space height=\u00bb200px\u00bb][\/vc_column_inner][\/vc_row_inner][\/vc_column][\/mk_page_section][vc_row][vc_column css=\u00bb.vc_custom_1442217957320{margin-top: 100px !important;margin-bottom: 100px !important;}\u00bb][vc_row_inner][vc_column_inner][vc_custom_heading text=\u00bbMISTOP \u00ae\u00bb font_container=\u00bbtag:h2|font_size:35px|text_align:center\u00bb google_fonts=\u00bbfont_family:Raleway%3A100%2C200%2C300%2Cregular%2C500%2C600%2C700%2C800%2C900|font_style:300%20light%20regular%3A300%3Anormal\u00bb][vc_separator el_width=\u00bb50&#8243;][vc_empty_space][vc_column_text align=\u00bbcenter\u00bb]Nuestro producto Mistop\u00ae reduce la neblina \u00e1cida disminuyendo la tensi\u00f3n superficial del electrolito. Esto cambia el tama\u00f1o de la burbuja de gas y, por tanto, reduce la neblina \u00e1cida. Hoy tenemos una alianza estrat\u00e9gica con Verne SPA. Est\u00e1n autorizados a comercializar el producto y a desarrollar nuevas aplicaciones en la industria minera.[\/vc_column_text][\/vc_column_inner][\/vc_row_inner][\/vc_column][\/vc_row][vc_row][vc_column css=\u00bb.vc_custom_1445882878719{margin-top: 100px !important;margin-bottom: 100px !important;}\u00bb][vc_row_inner][vc_column_inner width=\u00bb1\/2&#8243;][vc_single_image image=\u00bb857&#8243; img_size=\u00bbfull\u00bb css_animation=\u00bbnone\u00bb css=\u00bb\u00bb][\/vc_column_inner][vc_column_inner width=\u00bb1\/2&#8243;][vc_custom_heading text=\u00bbMISTOP\u00ae, una alternativa totalmente natural para la supresi\u00f3n de la neblina \u00e1cida durante los procesos de electroobtenci\u00f3n.\u00bb font_container=\u00bbtag:h2|font_size:35px|text_align:left\u00bb google_fonts=\u00bbfont_family:Raleway%3A100%2C200%2C300%2Cregular%2C500%2C600%2C700%2C800%2C900|font_style:300%20light%20regular%3A300%3Anormal\u00bb][vc_separator align=\u00bbalign_left\u00bb el_width=\u00bb50&#8243;][vc_empty_space][vc_column_text]- Reducci\u00f3n significativa de los niveles de neblina \u00e1cida.<br \/>\n&#8211; Rentable en comparaci\u00f3n con otros supresores de la neblina \u00e1cida.<br \/>\n&#8211; Eficaz con tasas de inclusi\u00f3n bajas (6-9 ppm en electrolitos).<br \/>\n&#8211; Ayuda a prolongar la vida \u00fatil del equipo.<br \/>\n&#8211; 100% Natural y Biodegradable (no halogenado).<br \/>\n&#8211; No afecta a los par\u00e1metros de extracci\u00f3n con disolvente.<br \/>\n&#8211; Debe utilizarse en combinaci\u00f3n con barreras mec\u00e1nicas.<br \/>\n&#8211; No inflamable y no t\u00f3xico.[\/vc_column_text][\/vc_column_inner][\/vc_row_inner][\/vc_column][\/vc_row][vc_row][vc_column][vc_column_text]\n<p style=\"text-align: center;\"><a href=\"https:\/\/desertking.com\/wp-content\/uploads\/2015\/09\/verne.png\"><img loading=\"lazy\" decoding=\"async\" class=\"alignnone wp-image-791\" src=\"https:\/\/desertking.com\/wp-content\/uploads\/2015\/09\/verne.png\" alt=\"verne\" width=\"131\" height=\"173\"><\/a><\/p>\n<p>Hoy tenemos una alianza estrat\u00e9gica con <b><a class=\"imCssLink\" href=\"https:\/\/www.verne.cl\/\" target=\"_blank\" rel=\"noopener noreferrer nofollow\">Verne Spa<\/a>.<\/b> Est\u00e1n autorizados para comercializar el producto y desarrollar nuevas aplicaciones en la industria minera.[\/vc_column_text][\/vc_column][\/vc_row][vc_row][vc_column css=\u00bb.vc_custom_1445627652718{margin-top: 100px !important;}\u00bb][vc_row_inner][vc_column_inner][vc_column_text align=\u00bbcenter\u00bb]<strong>Si necesitas m\u00e1s informaci\u00f3n, ponte en contacto con los especialistas:<\/strong>[\/vc_column_text][\/vc_column_inner][\/vc_row_inner][vc_row_inner][vc_column_inner width=\u00bb1\/3&#8243;][\/vc_column_inner][vc_column_inner width=\u00bb1\/3&#8243;][vc_column_text]\n<p style=\"text-align: center;\">[mk_circle_image src=\u00bbhttps:\/\/desertking.com\/wp-content\/uploads\/2023\/02\/kc-scaled-e1675712280715.jpg\u00bb image_diameter=\u00bb200&#8243;]\n<p style=\"text-align: center;\"><strong>Karen Cresp<\/strong><br \/>\nen ingl\u00e9s o espa\u00f1ol<br \/>\n<a href=\"mailto:kcresp@desertking.cl\" target=\"_blank\" rel=\"noopener\">kcresp@desertking.cl<\/a><\/p>\n[\/vc_column_text][\/vc_column_inner][vc_column_inner width=\u00bb1\/3&#8243;][\/vc_column_inner][\/vc_row_inner][\/vc_column][\/vc_row][vc_row fullwidth=\u00bbtrue\u00bb fullwidth_content=\u00bbfalse\u00bb css=\u00bb.vc_custom_1536124221012{background-color: #f0f0f0 !important;}\u00bb][vc_column][vc_row_inner][vc_column_inner][vc_cta h2=\u00bb\u00bb txt_align=\u00bbcenter\u00bb shape=\u00bbsquare\u00bb style=\u00bbflat\u00bb add_icon=\u00bbleft\u00bb i_icon_fontawesome=\u00bbfa fa-exclamation-circle\u00bb i_color=\u00bbcustom\u00bb i_size=\u00bblg\u00bb i_custom_color=\u00bb#cccccc\u00bb]\n<p style=\"text-align: left;\"><strong><span style=\"color: #99cc00;\">Hemos sido notificados de los intentos de estafa en nombre de Desert King.Nos han notificado intentos de estafa en nombre de Desert King.<\/span><\/strong><br \/>\nSi tienes alguna pregunta, no dudes en llamar o enviar un correo electr\u00f3nico a Desert King.<\/p>\n[\/vc_cta][\/vc_column_inner][\/vc_row_inner][\/vc_column][\/vc_row]\n<\/div>","protected":false},"excerpt":{"rendered":"<p>[mk_page_section bg_image=\u00bbhttps:\/\/desertking.com\/wp-content\/uploads\/2015\/09\/minning_interior1.jpg\u00bb bg_position=\u00bbcenter top\u00bb bg_repeat=\u00bbno-repeat\u00bb bg_stretch=\u00bbtrue\u00bb enable_3d=\u00bbtrue\u00bb speed_factor=\u00bb-0.3&#8243; sidebar=\u00bbsidebar-1&#8243;][vc_column][vc_row_inner][vc_column_inner][vc_empty_space height=\u00bb250px\u00bb][vc_custom_heading text=\u00bbAplicaciones mineras\u00bb font_container=\u00bbtag:h2|font_size:50px|text_align:center|color:%23ffffff\u00bb google_fonts=\u00bbfont_family:Raleway%3A100%2C200%2C300%2Cregular%2C500%2C600%2C700%2C800%2C900|font_style:300%20light%20regular%3A300%3Anormal\u00bb][vc_separator color=\u00bbwhite\u00bb el_width=\u00bb50&#8243;][vc_empty_space height=\u00bb50px\u00bb][vc_column_text align=\u00bbcenter\u00bb] Supresor de la niebla \u00e1cida [\/vc_column_text][vc_empty_space height=\u00bb200px\u00bb][\/vc_column_inner][\/vc_row_inner][\/vc_column][\/mk_page_section][vc_row][vc_column css=\u00bb.vc_custom_1442217957320{margin-top: 100px !important;margin-bottom: 100px !important;}\u00bb][vc_row_inner][vc_column_inner][vc_custom_heading text=\u00bbMISTOP \u00ae\u00bb font_container=\u00bbtag:h2|font_size:35px|text_align:center\u00bb google_fonts=\u00bbfont_family:Raleway%3A100%2C200%2C300%2Cregular%2C500%2C600%2C700%2C800%2C900|font_style:300%20light%20regular%3A300%3Anormal\u00bb][vc_separator el_width=\u00bb50&#8243;][vc_empty_space][vc_column_text align=\u00bbcenter\u00bb]Nuestro producto Mistop\u00ae reduce la neblina \u00e1cida disminuyendo la tensi\u00f3n superficial del electrolito. Esto cambia el tama\u00f1o de la burbuja [&hellip;]<\/p>\n","protected":false},"author":7,"featured_media":0,"parent":0,"menu_order":0,"comment_status":"closed","ping_status":"closed","template":"","meta":{"rs_blank_template":"","rs_page_bg_color":"","slide_template_v7":"","footnotes":""},"class_list":["post-3547","page","type-page","status-publish","hentry"],"_links":{"self":[{"href":"https:\/\/desertking.com\/es\/wp-json\/wp\/v2\/pages\/3547","targetHints":{"allow":["GET"]}}],"collection":[{"href":"https:\/\/desertking.com\/es\/wp-json\/wp\/v2\/pages"}],"about":[{"href":"https:\/\/desertking.com\/es\/wp-json\/wp\/v2\/types\/page"}],"author":[{"embeddable":true,"href":"https:\/\/desertking.com\/es\/wp-json\/wp\/v2\/users\/7"}],"replies":[{"embeddable":true,"href":"https:\/\/desertking.com\/es\/wp-json\/wp\/v2\/comments?post=3547"}],"version-history":[{"count":0,"href":"https:\/\/desertking.com\/es\/wp-json\/wp\/v2\/pages\/3547\/revisions"}],"wp:attachment":[{"href":"https:\/\/desertking.com\/es\/wp-json\/wp\/v2\/media?parent=3547"}],"curies":[{"name":"wp","href":"https:\/\/api.w.org\/{rel}","templated":true}]}}