{"id":3083,"date":"2020-08-29T12:37:20","date_gmt":"2020-08-29T15:37:20","guid":{"rendered":"https:\/\/desertkingdev.wpenginepowered.com\/news\/"},"modified":"2025-07-11T13:30:51","modified_gmt":"2025-07-11T16:30:51","slug":"noticias","status":"publish","type":"page","link":"https:\/\/desertking.com\/es\/noticias\/","title":{"rendered":"Noticias"},"content":{"rendered":"<div class=\"wpb-content-wrapper\">[vc_row][vc_column][vc_column_text title=\u00bbNoticias\u00bb css=\u00bb.vc_custom_1752251420596{margin-bottom: 0px !important;}\u00bb]<div class=\"post-cards-category-filter\"><a href=\"https:\/\/desertking.com\/es\/news\/?cat=9\" class=\"cat-filter active\" data-cat-id=\"9\">Publicaciones<\/a><a href=\"https:\/\/desertking.com\/es\/news\/?cat=46\" class=\"cat-filter \" data-cat-id=\"46\">Texto Cient\u00edfico<\/a><\/div><div class=\"post-cards-wrapper\" style=\"display: flex; flex-wrap: wrap; margin: -15px;\">            <div class=\"post-card\" data-catids=\"9\" style=\"width: calc(100% \/ 2); padding: 15px; box-sizing: border-box;\">\n                                    <div class=\"post-card-image\" style=\"background-image: url('https:\/\/desertking.com\/wp-content\/uploads\/2025\/08\/quillaja-extract.jpg');\">\n                        <a href=\"https:\/\/desertking.com\/es\/poultry-production-botanical-science-performance\/\" class=\"image-link\"><\/a>\n                    <\/div>\n                \n                <h3 class=\"post-card-title\">\n                    <a href=\"https:\/\/desertking.com\/es\/poultry-production-botanical-science-performance\/\">Producci\u00f3n av\u00edcola: C\u00f3mo la ciencia bot\u00e1nica est\u00e1 dando forma al rendimiento moderno<\/a>\n                <\/h3>\n                <div class=\"post-card-excerpt\">\n                    La industria av\u00edcola est\u00e1 evolucionando r\u00e1pidamente. Los productores de todo el mundo se ven presionados para mantener el rendimiento al tiempo que reducen el uso rutinar...                <\/div>\n                <a class=\"post-card-button\" href=\"https:\/\/desertking.com\/es\/poultry-production-botanical-science-performance\/\">Leer M\u00e1s<\/a>\n            <\/div>\n                        <div class=\"post-card\" data-catids=\"9\" style=\"width: calc(100% \/ 2); padding: 15px; box-sizing: border-box;\">\n                                    <div class=\"post-card-image\" style=\"background-image: url('https:\/\/desertking.com\/wp-content\/uploads\/2025\/12\/chatgpt-image-1-dic-2025-11_44_23-a.m.png');\">\n                        <a href=\"https:\/\/desertking.com\/es\/el-poder-natural-detras-de-los-alimentos-y-bebidas-como-los-extractos-de-quillaja-y-yucca-de-desert-king-elevan-el-sabor-la-textura-y-la-estabilidad\/\" class=\"image-link\"><\/a>\n                    <\/div>\n                \n                <h3 class=\"post-card-title\">\n                    <a href=\"https:\/\/desertking.com\/es\/el-poder-natural-detras-de-los-alimentos-y-bebidas-como-los-extractos-de-quillaja-y-yucca-de-desert-king-elevan-el-sabor-la-textura-y-la-estabilidad\/\">El poder natural detr\u00e1s de los alimentos y bebidas: C\u00f3mo los extractos de Quillaja y Yucca de Desert King elevan el sabor, la textura y la estabilidad<\/a>\n                <\/h3>\n                <div class=\"post-card-excerpt\">\n                    Los extractos de Quillaja y Yucca desempe\u00f1an un papel crucial en la industria alimentaria actual, ofreciendo una funcionalidad natural que mejora el sabor, la textura, la...                <\/div>\n                <a class=\"post-card-button\" href=\"https:\/\/desertking.com\/es\/el-poder-natural-detras-de-los-alimentos-y-bebidas-como-los-extractos-de-quillaja-y-yucca-de-desert-king-elevan-el-sabor-la-textura-y-la-estabilidad\/\">Leer M\u00e1s<\/a>\n            <\/div>\n                        <div class=\"post-card\" data-catids=\"9\" style=\"width: calc(100% \/ 2); padding: 15px; box-sizing: border-box;\">\n                                    <div class=\"post-card-image\" style=\"background-image: url('https:\/\/desertking.com\/wp-content\/uploads\/2025\/12\/chatgpt-image-1-dic-2025-11_44_23-a.m.png');\">\n                        <a href=\"https:\/\/desertking.com\/es\/quillaja-yucca-extracts\/\" class=\"image-link\"><\/a>\n                    <\/div>\n                \n                <h3 class=\"post-card-title\">\n                    <a href=\"https:\/\/desertking.com\/es\/quillaja-yucca-extracts\/\">The natural power behind modern food &#038; beverages: How Desert King\u2019s Quillaja and Yucca extracts elevate flavor, texture, and stability<\/a>\n                <\/h3>\n                <div class=\"post-card-excerpt\">\n                    The natural power behind modern food &amp; beverages: How Desert King\u2019s Quillaja and Yucca extracts elevate flavor, texture, and stability Quillaja and Yucca extracts pla...                <\/div>\n                <a class=\"post-card-button\" href=\"https:\/\/desertking.com\/es\/quillaja-yucca-extracts\/\">Leer M\u00e1s<\/a>\n            <\/div>\n                        <div class=\"post-card\" data-catids=\"9\" style=\"width: calc(100% \/ 2); padding: 15px; box-sizing: border-box;\">\n                                    <div class=\"post-card-image\" style=\"background-image: url('https:\/\/desertking.com\/wp-content\/uploads\/2025\/11\/detalles.png');\">\n                        <a href=\"https:\/\/desertking.com\/es\/desert-king-quillaja-sustainable-agriculture\/\" class=\"image-link\"><\/a>\n                    <\/div>\n                \n                <h3 class=\"post-card-title\">\n                    <a href=\"https:\/\/desertking.com\/es\/desert-king-quillaja-sustainable-agriculture\/\">Desert King transforms the Quillaja tree into natural solutions that drive more productive and sustainable agriculture<\/a>\n                <\/h3>\n                <div class=\"post-card-excerpt\">\n                    For over 28 years, Desert King has proven that the answer to modern agriculture\u2019s greatest challenges can be found in the wisdom of a native Chilean tree. By harnessing t...                <\/div>\n                <a class=\"post-card-button\" href=\"https:\/\/desertking.com\/es\/desert-king-quillaja-sustainable-agriculture\/\">Leer M\u00e1s<\/a>\n            <\/div>\n                        <div class=\"post-card\" data-catids=\"9\" style=\"width: calc(100% \/ 2); padding: 15px; box-sizing: border-box;\">\n                                    <div class=\"post-card-image\" style=\"background-image: url('https:\/\/desertking.com\/wp-content\/uploads\/2025\/10\/vaccine-qs12-dv-desert-king.jpg');\">\n                        <a href=\"https:\/\/desertking.com\/es\/qs-21dv-from-desert-king-enables-large-scale-vaccine-adjuvant-production\/\" class=\"image-link\"><\/a>\n                    <\/div>\n                \n                <h3 class=\"post-card-title\">\n                    <a href=\"https:\/\/desertking.com\/es\/qs-21dv-from-desert-king-enables-large-scale-vaccine-adjuvant-production\/\">QS-21DV de Desert King permite la producci\u00f3n a gran escala de adyuvantes para vacunas<\/a>\n                <\/h3>\n                <div class=\"post-card-excerpt\">\n                    El Instituto de Formulaci\u00f3n de Vacunas (VFI) y Seppic se complacen en anunciar que ampl\u00edan su colaboraci\u00f3n para apoyar la fabricaci\u00f3n a gran escala y la disponibilidad de...                <\/div>\n                <a class=\"post-card-button\" href=\"https:\/\/desertking.com\/es\/qs-21dv-from-desert-king-enables-large-scale-vaccine-adjuvant-production\/\">Leer M\u00e1s<\/a>\n            <\/div>\n                        <div class=\"post-card\" data-catids=\"9\" style=\"width: calc(100% \/ 2); padding: 15px; box-sizing: border-box;\">\n                                    <div class=\"post-card-image\" style=\"background-image: url('https:\/\/desertking.com\/wp-content\/uploads\/2025\/10\/23-09_web-scaled.png');\">\n                        <a href=\"https:\/\/desertking.com\/es\/desert-king-innovation-strategy\/\" class=\"image-link\"><\/a>\n                    <\/div>\n                \n                <h3 class=\"post-card-title\">\n                    <a href=\"https:\/\/desertking.com\/es\/desert-king-innovation-strategy\/\">With support from the R&#038;D Law, Desert King triples its research team and adds a forestry division<\/a>\n                <\/h3>\n                <div class=\"post-card-excerpt\">\n                    The Desert King innovation strategy focuses on research, sustainability, and biotechnology to strengthen the company\u2019s impact worldwide. The backing of this instrument al...                <\/div>\n                <a class=\"post-card-button\" href=\"https:\/\/desertking.com\/es\/desert-king-innovation-strategy\/\">Leer M\u00e1s<\/a>\n            <\/div>\n                        <div class=\"post-card\" data-catids=\"9\" style=\"width: calc(100% \/ 2); padding: 15px; box-sizing: border-box;\">\n                                    <div class=\"post-card-image\" style=\"background-image: url('https:\/\/desertking.com\/wp-content\/uploads\/2025\/10\/img_0974.jpg');\">\n                        <a href=\"https:\/\/desertking.com\/es\/mistop-acid-mist-control\/\" class=\"image-link\"><\/a>\n                    <\/div>\n                \n                <h3 class=\"post-card-title\">\n                    <a href=\"https:\/\/desertking.com\/es\/mistop-acid-mist-control\/\">Mistop\u00ae: Chilean natural technology revolutionizing acid mist control in electrowinning plants<\/a>\n                <\/h3>\n                <div class=\"post-card-excerpt\">\n                    A 100% biodegradable suppressant developed from the quillay tree is transforming electrowinning and electrorefining plants around the world, protecting people, safeguardi...                <\/div>\n                <a class=\"post-card-button\" href=\"https:\/\/desertking.com\/es\/mistop-acid-mist-control\/\">Leer M\u00e1s<\/a>\n            <\/div>\n                        <div class=\"post-card\" data-catids=\"9\" style=\"width: calc(100% \/ 2); padding: 15px; box-sizing: border-box;\">\n                                    <div class=\"post-card-image\" style=\"background-image: url('https:\/\/desertking.com\/wp-content\/uploads\/2025\/09\/fsc_c156804_logo_landscape_green_white-1-scaled.png');\">\n                        <a href=\"https:\/\/desertking.com\/es\/desert-king-leads-quillay-traceability-and-sustainable-management-with-fsc-certification\/\" class=\"image-link\"><\/a>\n                    <\/div>\n                \n                <h3 class=\"post-card-title\">\n                    <a href=\"https:\/\/desertking.com\/es\/desert-king-leads-quillay-traceability-and-sustainable-management-with-fsc-certification\/\">Desert King leads quillay traceability and sustainable management with FSC\u00ae certification\u00a0<\/a>\n                <\/h3>\n                <div class=\"post-card-excerpt\">\n                    Responsible Management:\u00a0 Desert King leads quillay traceability and sustainable management with FSC\u00ae certification\u00a0 The company is the only one in the quillay industry to...                <\/div>\n                <a class=\"post-card-button\" href=\"https:\/\/desertking.com\/es\/desert-king-leads-quillay-traceability-and-sustainable-management-with-fsc-certification\/\">Leer M\u00e1s<\/a>\n            <\/div>\n            <\/div><div class=\"post-cards-pagination\"><span aria-current=\"page\" class=\"page-numbers current\">1<\/span>\n<a class=\"page-numbers\" href=\"https:\/\/desertking.com\/es\/wp-json\/wp\/v2\/pages\/3083\/page\/2\/\">2<\/a>\n<a class=\"page-numbers\" href=\"https:\/\/desertking.com\/es\/wp-json\/wp\/v2\/pages\/3083\/page\/3\/\">3<\/a>\n<a class=\"page-numbers\" href=\"https:\/\/desertking.com\/es\/wp-json\/wp\/v2\/pages\/3083\/page\/4\/\">4<\/a>\n<a class=\"next page-numbers\" href=\"https:\/\/desertking.com\/es\/wp-json\/wp\/v2\/pages\/3083\/page\/2\/\">Next \u00bb<\/a><\/div>[\/vc_column_text][\/vc_column][\/vc_row]\n<\/div>","protected":false},"excerpt":{"rendered":"<p>[vc_row][vc_column][vc_column_text title=\u00bbNoticias\u00bb css=\u00bb.vc_custom_1752251420596{margin-bottom: 0px !important;}\u00bb][\/vc_column_text][\/vc_column][\/vc_row]<\/p>\n","protected":false},"author":13,"featured_media":2475,"parent":0,"menu_order":0,"comment_status":"closed","ping_status":"closed","template":"","meta":{"rs_blank_template":"","rs_page_bg_color":"","slide_template_v7":"","footnotes":""},"class_list":["post-3083","page","type-page","status-publish","has-post-thumbnail","hentry"],"_links":{"self":[{"href":"https:\/\/desertking.com\/es\/wp-json\/wp\/v2\/pages\/3083","targetHints":{"allow":["GET"]}}],"collection":[{"href":"https:\/\/desertking.com\/es\/wp-json\/wp\/v2\/pages"}],"about":[{"href":"https:\/\/desertking.com\/es\/wp-json\/wp\/v2\/types\/page"}],"author":[{"embeddable":true,"href":"https:\/\/desertking.com\/es\/wp-json\/wp\/v2\/users\/13"}],"replies":[{"embeddable":true,"href":"https:\/\/desertking.com\/es\/wp-json\/wp\/v2\/comments?post=3083"}],"version-history":[{"count":0,"href":"https:\/\/desertking.com\/es\/wp-json\/wp\/v2\/pages\/3083\/revisions"}],"wp:featuredmedia":[{"embeddable":true,"href":"https:\/\/desertking.com\/es\/wp-json\/wp\/v2\/media\/2475"}],"wp:attachment":[{"href":"https:\/\/desertking.com\/es\/wp-json\/wp\/v2\/media?parent=3083"}],"curies":[{"name":"wp","href":"https:\/\/api.w.org\/{rel}","templated":true}]}}