{"id":2955,"date":"2024-08-05T20:44:30","date_gmt":"2024-08-05T23:44:30","guid":{"rendered":"https:\/\/desertkingdev.wpenginepowered.com\/?page_id=2955"},"modified":"2026-03-03T12:01:08","modified_gmt":"2026-03-03T15:01:08","slug":"certificados-de-calidad","status":"publish","type":"page","link":"https:\/\/desertking.com\/es\/certificados-de-calidad\/","title":{"rendered":"Calidad"},"content":{"rendered":"<div class=\"wpb-content-wrapper\">[mk_page_section bg_image=\u00bbhttps:\/\/desertking.com\/wp-content\/uploads\/2015\/09\/background-quality.jpg\u00bb bg_position=\u00bbcenter bottom\u00bb bg_repeat=\u00bbno-repeat\u00bb bg_stretch=\u00bbtrue\u00bb enable_3d=\u00bbtrue\u00bb speed_factor=\u00bb-0.1&#8243; sidebar=\u00bbsidebar-1&#8243;][vc_column][vc_row_inner][vc_column_inner][vc_empty_space height=\u00bb200px\u00bb][vc_custom_heading text=\u00bbCalidad y Consistencia Incuestionable\u00bb font_container=\u00bbtag:h2|font_size:46px|text_align:center|color:%23ffffff\u00bb google_fonts=\u00bbfont_family:Raleway%3A100%2C200%2C300%2Cregular%2C500%2C600%2C700%2C800%2C900|font_style:300%20light%20regular%3A300%3Anormal\u00bb css=\u00bb\u00bb][vc_separator color=\u00bbcustom\u00bb el_width=\u00bb50&#8243;][vc_empty_space height=\u00bb50px\u00bb][vc_column_text align=\u00bbcenter\u00bb css=\u00bb.vc_custom_1722903441642{margin-bottom: 0px !important;}\u00bb]<span style=\"color: #ffffff; font-size: 20px;\"> Garantizamos calidad en todo lo que hacemos para ti, sin riesgo de contaminaci\u00f3n cruzada de productos y trazabilidad completa a nivel de lote. Como prueba de nuestra adhesi\u00f3n a los est\u00e1ndares de calidad m\u00e1s altos posibles, tambi\u00e9n buscamos certificaciones de terceros en todas las industrias.<\/span>[\/vc_column_text][vc_empty_space height=\u00bb100px\u00bb][\/vc_column_inner][\/vc_row_inner][\/vc_column][\/mk_page_section][vc_section full_width=\u00bbstretch_row\u00bb css=\u00bb.vc_custom_1722892126380{padding-top: 50px !important;padding-bottom: 50px !important;background-image: url(https:\/\/desertking.com\/wp-content\/uploads\/2024\/08\/quality-bkg.png?id=2961) !important;background-position: center !important;background-repeat: no-repeat !important;background-size: cover !important;}\u00bb el_class=\u00bbquality-section2&#8243;][vc_row el_class=\u00bblp-logos\u00bb][vc_column][vc_text_separator title=\u00bbDesert King International\u00bb color=\u00bbcustom\u00bb accent_color=\u00bb#abc027&#8243; el_class=\u00bbwhite-text bold600&#8243;][vc_gallery type=\u00bbimage_grid\u00bb images=\u00bb2714,2990,2708,2696,2722,2728,2724&#8243; img_size=\u00bbfull\u00bb onclick=\u00bb\u00bb css=\u00bb\u00bb el_class=\u00bbdk-image-grid\u00bb][\/vc_column][\/vc_row][vc_row el_class=\u00bblp-logos\u00bb][vc_column][vc_text_separator title=\u00bbDesert King Chile\u00bb color=\u00bbcustom\u00bb accent_color=\u00bb#abc027&#8243; el_class=\u00bbwhite-text bold600&#8243;][vc_gallery type=\u00bbimage_grid\u00bb images=\u00bb2700,3655,2708,2830,3309,3829,4067,3885,3313&#8243; img_size=\u00bbfull\u00bb onclick=\u00bb\u00bb css=\u00bb\u00bb el_class=\u00bbdk-image-grid\u00bb][\/vc_column][\/vc_row][vc_row el_class=\u00bblp-logos\u00bb][vc_column][vc_text_separator title=\u00bbDesert King M\u00e9xico\u00bb color=\u00bbcustom\u00bb accent_color=\u00bb#abc027&#8243; el_class=\u00bbwhite-text bold600&#8243;][vc_gallery type=\u00bbimage_grid\u00bb images=\u00bb2847,2708,2728,2724&#8243; img_size=\u00bbfull\u00bb onclick=\u00bb\u00bb el_class=\u00bbdk-image-grid bold600&#8243;][\/vc_column][\/vc_row][vc_row][vc_column el_class=\u00bborganic-list\u00bb][vc_column_text css=\u00bb.vc_custom_1742824689801{margin-bottom: 0px !important;}\u00bb]\n<p style=\"text-align: center;\"><em><a href=\"https:\/\/desertking.com\/wp-content\/uploads\/2024\/03\/organic-list-of-products.pdf\" target=\"_blank\" rel=\"noopener\">* Haz click aqu\u00ed para ver el listado de productos org\u00e1nicos<\/a><\/em><\/p>\n<p style=\"text-align: center;\">** <a href=\"mailto:info@desertking.com\">Consulta por nuestros productos certificados FSC\u00ae en info@desertking.com<\/a><\/p>\n[\/vc_column_text][\/vc_column][\/vc_row][vc_row][vc_column][\/vc_column][\/vc_row][\/vc_section][vc_row][vc_column][vc_empty_space][vc_custom_heading text=\u00bbPol\u00edtica Sistema de Gesti\u00f3n de Calidad\u00bb font_container=\u00bbtag:h3|font_size:30px|text_align:center|color:%237b877d|line_height:36px\u00bb google_fonts=\u00bbfont_family:Raleway%3A100%2C200%2C300%2Cregular%2C500%2C600%2C700%2C800%2C900|font_style:400%20regular%3A400%3Anormal\u00bb css=\u00bb\u00bb el_class=\u00bbitalic section-title\u00bb][vc_empty_space][vc_column_text css=\u00bb.vc_custom_1722901726767{margin-bottom: 0px !important;}\u00bb]<strong>Desarrollo y liderazgo<\/strong><\/p>\n<ul>\n<li>Colaboramos con clientes en una gran variedad de industrias para entregar los productos que buscan en los vol\u00famenes y la calidad que demandan.<\/li>\n<li>Elevamos el est\u00e1ndar de la industria a trav\u00e9s de la innovaci\u00f3n constante en nuevos productos, calidad, disponibilidad y servicio al cliente.<\/li>\n<li>Basamos nuestro crecimiento en las actividades de investigaci\u00f3n.<\/li>\n<\/ul>\n<p><strong>Innovaci\u00f3n en fuentes de materia prima<\/strong><\/p>\n<ul>\n<li>Estamos constantemente innovando para proteger y aumentar el suministro natural de saponina.<\/li>\n<li>Desarrollamos plantaciones como primera fuente de materia prima.<\/li>\n<li>Mejoramos nuestros procesos para reducir la utilizaci\u00f3n de recursos naturales.<\/li>\n<\/ul>\n<p><strong>Excelencia en todo nuestro quehacer<\/strong><\/p>\n<ul>\n<li>Buscamos incansablemente elevar el est\u00e1ndar de la industria a trav\u00e9s de una constante innovaci\u00f3n en la calidad del producto, disponibilidad y servicio al cliente.<\/li>\n<li>Aseguramos a nuestros accionistas un negocio sano, productivo y rentable.<\/li>\n<li>Nos comprometemos a que nuestros productos sean seguros e inocuos mediante el cumplimiento de buenas pr\u00e1cticas de manufactura, almacenamiento y distribuci\u00f3n.<\/li>\n<li>Nuestros productos son consistentemente certificados y probados en industrias reguladas.<\/li>\n<li>Nos relacionamos efectivamente con nuestra comunidad, autoridades, accionistas, clientes, proveedores y trabajadores.<\/li>\n<li>Respetamos y cumplimos las leyes, en su forma y fondo.<\/li>\n<\/ul>\n<p><strong>Nosotros<\/strong><\/p>\n<ul>\n<li>Nuestra experiencia de 40 a\u00f1os garantiza la entrega de un suministro constante, estable y de alta calidad.<\/li>\n<li>Estamos convencidos que el verdadero \u00e9xito va de la mano con alcanzar el bienestar de nuestros trabajadores.<\/li>\n<li>Fomentamos la confianza en un ambiente colaborativo.<\/li>\n<li>Valoramos y respetamos la diversidad en todas sus formas.<\/li>\n<\/ul>\n[\/vc_column_text][vc_empty_space height=\u00bb100px\u00bb][\/vc_column][\/vc_row][vc_row][vc_column el_class=\u00bbprofileimgs\u00bb][vc_column_text align=\u00bbcenter\u00bb css=\u00bb.vc_custom_1722903516111{margin-bottom: 0px !important;}\u00bb]Solicite la certificaci\u00f3n de productos espec\u00edficos[\/vc_column_text][vc_row_inner][vc_column_inner width=\u00bb1\/2&#8243;][vc_column_text css=\u00bb.vc_custom_1722903373895{margin-bottom: 0px !important;}\u00bb]\n<p style=\"text-align: center;\">[mk_circle_image src=\u00bb<img loading=\"lazy\" decoding=\"async\" class=\"alignnone wp-image-1652\" src=\"https:\/\/desertking.com\/wp-content\/uploads\/2020\/02\/yaqueline3.jpg\" alt=\"\" width=\"629\" height=\"629\" srcset=\"https:\/\/desertking.com\/wp-content\/uploads\/2020\/02\/yaqueline3.jpg 2310w, https:\/\/desertking.com\/wp-content\/uploads\/2020\/02\/yaqueline3-300x300.jpg 300w, https:\/\/desertking.com\/wp-content\/uploads\/2020\/02\/yaqueline3-1024x1024.jpg 1024w, https:\/\/desertking.com\/wp-content\/uploads\/2020\/02\/yaqueline3-150x150.jpg 150w, https:\/\/desertking.com\/wp-content\/uploads\/2020\/02\/yaqueline3-768x768.jpg 768w, https:\/\/desertking.com\/wp-content\/uploads\/2020\/02\/yaqueline3-1536x1536.jpg 1536w, https:\/\/desertking.com\/wp-content\/uploads\/2020\/02\/yaqueline3-2048x2048.jpg 2048w, https:\/\/desertking.com\/wp-content\/uploads\/2020\/02\/yaqueline3-550x550.jpg 550w, https:\/\/desertking.com\/wp-content\/uploads\/2020\/02\/yaqueline3-1100x1100.jpg 1100w, https:\/\/desertking.com\/wp-content\/uploads\/2020\/02\/yaqueline3-500x500.jpg 500w, https:\/\/desertking.com\/wp-content\/uploads\/2020\/02\/yaqueline3-225x225.jpg 225w, https:\/\/desertking.com\/wp-content\/uploads\/2020\/02\/yaqueline3-200x200.jpg 200w, https:\/\/desertking.com\/wp-content\/uploads\/2020\/02\/yaqueline3-400x400.jpg 400w, https:\/\/desertking.com\/wp-content\/uploads\/2020\/02\/yaqueline3-260x260.jpg 260w, https:\/\/desertking.com\/wp-content\/uploads\/2020\/02\/yaqueline3-600x600.jpg 600w, https:\/\/desertking.com\/wp-content\/uploads\/2020\/02\/yaqueline3-1200x1200.jpg 1200w, https:\/\/desertking.com\/wp-content\/uploads\/2020\/02\/yaqueline3-1280x1280.jpg 1280w, https:\/\/desertking.com\/wp-content\/uploads\/2020\/02\/yaqueline3-414x414.jpg 414w, https:\/\/desertking.com\/wp-content\/uploads\/2020\/02\/yaqueline3-60x60.jpg 60w\" sizes=\"auto, (max-width: 629px) 100vw, 629px\" \/>\u00bb image_diameter=\u00bb200&#8243;]\n<p>&nbsp;<\/p>\n<p style=\"text-align: center;\"><strong>Yaquelin Avelar<br \/>\n<\/strong>Directora de Aseguramiento de Calidad<br \/>\nDesert King International<br \/>\n<a href=\"mailto:yavelar@desertking.com\">yavelar@desertking.com<\/a><\/p>\n[\/vc_column_text][\/vc_column_inner][vc_column_inner width=\u00bb1\/2&#8243;][vc_column_text css=\u00bb.vc_custom_1722911673275{margin-bottom: 0px !important;}\u00bb]\n<p style=\"text-align: center;\">[mk_circle_image src=\u00bbhttps:\/\/desertking.com\/wp-content\/uploads\/2015\/09\/Gloria-Alvarez.jpg\u00bb image_diameter=\u00bb200&#8243;]\n<p>&nbsp;<\/p>\n<p style=\"text-align: center;\"><strong>Gloria \u00c1lvarez<\/strong><br \/>\nDirectora Aseguramiento de Calidad<br \/>\nDesert King Chile<br \/>\n<a href=\"mailto:galvarez@desertking.cl\">galvarez@desertking.cl<\/a><\/p>\n[\/vc_column_text][\/vc_column_inner][\/vc_row_inner][\/vc_column][\/vc_row][vc_column css=\u00bb.vc_custom_1445039446353{margin-top: 100px !important;}\u00bb][\/vc_column][vc_row][vc_column][\/vc_column][\/vc_row]\n<\/div>","protected":false},"excerpt":{"rendered":"<p>[mk_page_section bg_image=\u00bbhttps:\/\/desertking.com\/wp-content\/uploads\/2015\/09\/background-quality.jpg\u00bb bg_position=\u00bbcenter bottom\u00bb bg_repeat=\u00bbno-repeat\u00bb bg_stretch=\u00bbtrue\u00bb enable_3d=\u00bbtrue\u00bb speed_factor=\u00bb-0.1&#8243; sidebar=\u00bbsidebar-1&#8243;][vc_column][vc_row_inner][vc_column_inner][vc_empty_space height=\u00bb200px\u00bb][vc_custom_heading text=\u00bbCalidad y Consistencia Incuestionable\u00bb font_container=\u00bbtag:h2|font_size:46px|text_align:center|color:%23ffffff\u00bb google_fonts=\u00bbfont_family:Raleway%3A100%2C200%2C300%2Cregular%2C500%2C600%2C700%2C800%2C900|font_style:300%20light%20regular%3A300%3Anormal\u00bb css=\u00bb\u00bb][vc_separator color=\u00bbcustom\u00bb el_width=\u00bb50&#8243;][vc_empty_space height=\u00bb50px\u00bb][vc_column_text align=\u00bbcenter\u00bb css=\u00bb.vc_custom_1722903441642{margin-bottom: 0px !important;}\u00bb] Garantizamos calidad en todo lo que hacemos para ti, sin riesgo de contaminaci\u00f3n cruzada de productos y trazabilidad completa a nivel de lote. Como prueba de nuestra adhesi\u00f3n a los est\u00e1ndares [&hellip;]<\/p>\n","protected":false},"author":7,"featured_media":2200,"parent":0,"menu_order":0,"comment_status":"closed","ping_status":"closed","template":"","meta":{"rs_blank_template":"","rs_page_bg_color":"","slide_template_v7":"","footnotes":""},"class_list":["post-2955","page","type-page","status-publish","has-post-thumbnail","hentry"],"_links":{"self":[{"href":"https:\/\/desertking.com\/es\/wp-json\/wp\/v2\/pages\/2955","targetHints":{"allow":["GET"]}}],"collection":[{"href":"https:\/\/desertking.com\/es\/wp-json\/wp\/v2\/pages"}],"about":[{"href":"https:\/\/desertking.com\/es\/wp-json\/wp\/v2\/types\/page"}],"author":[{"embeddable":true,"href":"https:\/\/desertking.com\/es\/wp-json\/wp\/v2\/users\/7"}],"replies":[{"embeddable":true,"href":"https:\/\/desertking.com\/es\/wp-json\/wp\/v2\/comments?post=2955"}],"version-history":[{"count":0,"href":"https:\/\/desertking.com\/es\/wp-json\/wp\/v2\/pages\/2955\/revisions"}],"wp:featuredmedia":[{"embeddable":true,"href":"https:\/\/desertking.com\/es\/wp-json\/wp\/v2\/media\/2200"}],"wp:attachment":[{"href":"https:\/\/desertking.com\/es\/wp-json\/wp\/v2\/media?parent=2955"}],"curies":[{"name":"wp","href":"https:\/\/api.w.org\/{rel}","templated":true}]}}