{"id":2002,"date":"2023-05-10T12:54:35","date_gmt":"2023-05-10T15:54:35","guid":{"rendered":"https:\/\/desertkingdev.wpenginepowered.com\/?page_id=2002"},"modified":"2023-05-10T12:55:16","modified_gmt":"2023-05-10T15:55:16","slug":"__ejemplo","status":"publish","type":"page","link":"https:\/\/desertking.com\/es\/__ejemplo\/","title":{"rendered":"__Ejemplo"},"content":{"rendered":"<div class=\"wpb-content-wrapper\">[mk_page_section bg_image=\u00bbhttps:\/\/desertking.com\/wp-content\/uploads\/2022\/04\/farmaceutica.jpg\u00bb bg_color=\u00bb#646464&#8243; attachment=\u00bbfixed\u00bb bg_position=\u00bbcenter bottom\u00bb bg_repeat=\u00bbno-repeat\u00bb bg_stretch=\u00bbtrue\u00bb enable_3d=\u00bbtrue\u00bb speed_factor=\u00bb-0.5&#8243; sidebar=\u00bbsidebar-1&#8243;][vc_column el_class=\u00bbheadBanner\u00bb][vc_row_inner][vc_column_inner][vc_empty_space height=\u00bb220px\u00bb][vc_custom_heading text=\u00bbFarmac\u00e9utica\u00bb font_container=\u00bbtag:h2|text_align:center|color:%23ffffff\u00bb google_fonts=\u00bbfont_family:Raleway%3A100%2C200%2C300%2Cregular%2C500%2C600%2C700%2C800%2C900|font_style:300%20light%20regular%3A300%3Anormal\u00bb][vc_column_text align=\u00bbcenter\u00bb]Por dos d\u00e9cadas hemos producido y suministrado a la industria farmac\u00e9utica con precursores de alta calidad y pureza.<\/p>\n<p>En <strong>Desert King<\/strong> hemos desarrollado tecnolog\u00edas escalables para producir <strong>precursores de adyuvantes a partir del Quillay<\/strong>, debido a su alto contenido de <strong>saponinas triterp\u00e9nicas<\/strong> con capacidad inmunoestimulante.[\/vc_column_text][vc_empty_space height=\u00bb50px\u00bb][\/vc_column_inner][\/vc_row_inner][\/vc_column][\/mk_page_section][vc_row css=\u00bb.vc_custom_1649807754565{margin-top: 60px !important;margin-bottom: 70px !important;}\u00bb][vc_column width=\u00bb5\/6&#8243;][vc_column_text]Los <strong>adyuvantes<\/strong> de vacunas basados en <strong>saponinas de Quillay<\/strong>, se pueden encontrar en decenas de vacunas comerciales humanas y veterinarias fabricadas por los laboratorios m\u00e1s grandes del mundo. Adem\u00e1s, se est\u00e1n estudiando nuevas aplicaciones que incluyen oncolog\u00eda, enfermedades infecciosas y otras patolog\u00edas.<\/p>\n<p>Para satisfacer los crecientes requerimientos de nuestros clientes, hemos realizado importantes avances en I+D que permiten garantizar el abastecimiento y cumplimiento de los altos est\u00e1ndares exigidos por este mercado. De esa forma, hemos establecido una s\u00f3lida cadena integrada de suministro, que asegura la producci\u00f3n sostenible de extractos de alta pureza.[\/vc_column_text][\/vc_column][vc_column width=\u00bb1\/6&#8243; offset=\u00bbvc_hidden-sm vc_hidden-xs\u00bb][vc_single_image image=\u00bb1931&#8243; alignment=\u00bbright\u00bb css=\u00bb.vc_custom_1650306042346{margin-top: 20px !important;}\u00bb el_class=\u00bbjeringa\u00bb][\/vc_column][\/vc_row][vc_row el_class=\u00bbventajasTab\u00bb][vc_column][vc_tabs orientation=\u00bbvertical\u00bb container_bg_color=\u00bb#f7f7f7&#8243; el_class=\u00bbvTab\u00bb][vc_tab title=\u00bbVentajas de los adyuvantes \u00bb tab_id=\u00bb1649785005-1-22d00a-c0bf\u00bb][vc_column_text title=\u00bbVentajas de los adyuvantes formulados en base a saponinas de Quillay \u00ab]Es un ingrediente natural para la formulaci\u00f3n de vacunas.<\/p>\n<p>Requerimientos de ant\u00edgenos m\u00e1s bajos.<\/p>\n<p>Ayuda a potenciar los ant\u00edgenos m\u00e1s d\u00e9biles.<\/p>\n<p>Mejora la duraci\u00f3n y el inicio de la respuesta inmune.<\/p>\n<p>Proporciona una respuesta inmune m\u00e1s potente y efectiva para la prevenci\u00f3n de distintas enfermedades.<\/p>\n<p>Son compatibles con otros adyuvantes.<\/p>\n<p>Por sus propiedades tensioactivas son ideales para la formulaci\u00f3n de vacunas en base a complejos macromoleculares.<\/p>\n<p>Las saponinas de Quillay estimulan efectivamente la producci\u00f3n de anticuerpos y adem\u00e1s inducen una fuerte activaci\u00f3n de la respuesta inmune celular, estimulando la producci\u00f3n de c\u00e9lulas T citot\u00f3xicas contra ant\u00edgenos ex\u00f3genos.[\/vc_column_text][\/vc_tab][vc_tab title=\u00bbAbastecimiento sostenible\u00bb tab_id=\u00bb1649785005-2-24d00a-c0bf\u00bb][vc_column_text title=\u00bbAbastecimiento sostenible de materia prima de Quillay para el futuro y disponibilidad asegurada de productos innovadores, validados y eficaces.\u00bb]Nuestro compromiso es conservar el bosque nativo a trav\u00e9s de nuestro modelo de manejo forestal racional y sustentable, el que reduce el impacto sobre el mismo y lo revitaliza, contribuyendo a su adaptaci\u00f3n al cambio clim\u00e1tico.<\/p>\n<p>Buscamos mejorar el control de la cadena de suministro y trabajar en conjunto con todo tipo de propietarios.<\/p>\n<p>Estamos alineados con las leyes de promoci\u00f3n y recuperaci\u00f3n del Bosque Nativo, y deseamos contribuir con t\u00e9cnicas y desarrollo que permitan la recuperaci\u00f3n y protecci\u00f3n del recurso.<\/p>\n<p>Contamos con certificado bajo el sello FSC (Forest Stewardship Council\u00ae) en nuestra operaci\u00f3n de suministro de biomasa.<\/p>\n<p>Somos pioneros en el desarrollo de plantaciones de Quillay de plantas seleccionadas con mayores contenidos de QS-21. (Patente de EE. UU. 11,254,699 B2)<\/p>\n<p>La empresa desarrolla y mantiene l\u00edneas de investigaci\u00f3n enfocadas en los requerimientos del quillay como cultivo, avanzando sostenidamente en el proceso de domesticaci\u00f3n de la especie y su \u00edntima relaci\u00f3n con el ecosistema. Gracias a esto, reduce la presi\u00f3n sobre los bosques nativos.<\/p>\n<p>Aseguramos disponibilidad inmediata de productos derivados del Quillay innovadores, validados y eficaces. Los que permiten alta flexibilidad de formulaci\u00f3n, adapt\u00e1ndose a los diferentes requerimientos de nuestros clientes.[\/vc_column_text][\/vc_tab][\/vc_tabs][\/vc_column][\/vc_row][vc_row el_class=\u00bbempresa\u00bb][vc_column width=\u00bb1\/6&#8243;][\/vc_column][vc_column width=\u00bb2\/3&#8243;][vc_empty_space height=\u00bb50px\u00bb][vc_column_text disable_pattern=\u00bbfalse\u00bb align=\u00bbcenter\u00bb el_class=\u00bbtitulado\u00bb]\n<p style=\"text-align: center;\">Precursores de Adyuvantes<\/p>\n[\/vc_column_text][vc_separator color=\u00bbcustom\u00bb accent_color=\u00bb#cecece\u00bb][vc_column_text disable_pattern=\u00bbfalse\u00bb align=\u00bbcenter\u00bb]\n<p style=\"text-align: center;\">Nuestra empresa produce dos gamas de extractos de Quillay que se adecuan a las diferentes necesidades de nuestros clientes:<\/p>\n[\/vc_column_text][\/vc_column][vc_column width=\u00bb1\/6&#8243;][\/vc_column][\/vc_row][mk_page_section bg_image=\u00bbhttps:\/\/desertking.com\/wp-content\/uploads\/2022\/04\/extractos-1.jpg\u00bb bg_position=\u00bbcenter top\u00bb bg_repeat=\u00bbno-repeat\u00bb bg_stretch=\u00bbtrue\u00bb enable_3d=\u00bbtrue\u00bb el_class=\u00bbextractos\u00bb sidebar=\u00bbsidebar-1&#8243;][vc_column css=\u00bb.vc_custom_1649910349050{margin-top: 80px !important;margin-bottom: 20px !important;}\u00bb][vc_row_inner][vc_column_inner][vc_custom_heading text=\u00bbExtractos de alta concentraci\u00f3n de saponinas\u00bb font_container=\u00bbtag:h2|text_align:center|color:%23ffffff\u00bb google_fonts=\u00bbfont_family:Raleway%3A100%2C200%2C300%2Cregular%2C500%2C600%2C700%2C800%2C900|font_style:400%20regular%3A400%3Anormal\u00bb][vc_column_text align=\u00bbcenter\u00bb]Nuestros extractos son utilizados por los clientes como precursores para la obtenci\u00f3n de formulaciones de adyuvantes. Los que actualmente est\u00e1n presentes en vacunas comerciales contra el Herpes Zoster (Shingles), la Malaria y el virus SARS-CoV-2 causante de la enfermedad por coronavirus del 2019 (Covid-19).[\/vc_column_text][\/vc_column_inner][\/vc_row_inner][\/vc_column][\/mk_page_section][vc_row fullwidth=\u00bbtrue\u00bb fullwidth_content=\u00bbfalse\u00bb el_class=\u00bbcustomTab_qs21&#8243;][vc_column][vc_tabs container_bg_color=\u00bb#ffffff\u00bb][vc_tab title=\u00bbPrecursor de Adyuvante de Vacunas Humanas\u00bb tab_id=\u00bb1649806274-1-36d00a-c0bf\u00bb][mk_tab_slider orderby=\u00bbpost__in\u00bb autoplay_time=\u00bb20000&#8243; tabs=\u00bb1353, 1354, 1355, 1356&#8243;][\/vc_tab][vc_tab title=\u00bbPrecursor de Adyuvante de Vacunas Animales\u00bb tab_id=\u00bb1649806274-2-85d00a-c0bf\u00bb][mk_tab_slider orderby=\u00bbpost__in\u00bb autoplay_time=\u00bb10000&#8243; tabs=\u00bb1352&#8243;][\/vc_tab][\/vc_tabs][\/vc_column][\/vc_row][vc_row id=\u00bbagente-hemolito\u00bb css=\u00bb.vc_custom_1567058516595{padding-top: 0px !important;padding-right: 0px !important;padding-bottom: 0px !important;padding-left: 0px !important;}\u00bb][vc_column width=\u00bb1\/12&#8243; css=\u00bb.vc_custom_1443565086738{margin-top: 100px !important;}\u00bb][\/vc_column][vc_column width=\u00bb10\/12&#8243;][vc_column_text align=\u00bbcenter\u00bb]\n<p style=\"text-align: center;\">Si quiere <strong>saber m\u00e1s sobre QS-21<\/strong> lo invitamos a ver el siguiente Video.<\/p>\n[\/vc_column_text][vc_video link=\u00bbhttps:\/\/youtu.be\/n6tnUI86Y5E\u00bb][\/vc_column][vc_column width=\u00bb1\/12&#8243;][\/vc_column][\/vc_row][vc_row id=\u00bbotros-productos\u00bb css=\u00bb.vc_custom_1649947448611{margin-top: 60px !important;margin-bottom: 40px !important;padding-top: 0px !important;padding-right: 0px !important;padding-bottom: 0px !important;padding-left: 0px !important;}\u00bb][vc_column][vc_column_text align=\u00bbcenter\u00bb]\n<p style=\"color: #7f9c4e; text-align: center; font-size: 22px;\">FRACCIONES DE SAPONINAS PURIFICADAS CROMATOGR\u00c1FICAMENTE<\/p>\n[\/vc_column_text][vc_column_text align=\u00bbcenter\u00bb]\n<p style=\"text-align: center;\">En la \u00faltima d\u00e9cada hemos desarrollado tecnolog\u00eda que nos permite producir, por medios cromatogr\u00e1ficos, fracciones espec\u00edficas de saponinas para uso directo por el cliente en la formulaci\u00f3n de adyuvantes. En la actualidad se estudia el potencial uso de fracciones purificadas de los extractos de Quillay en vacunas contra algunos tipos de c\u00e1ncer, VIH, Tuberculosis, Alzheimer y el Zoster de Varicela.<\/p>\n[\/vc_column_text][\/vc_column][\/vc_row][mk_page_section bg_image=\u00bbhttps:\/\/desertking.com\/wp-content\/uploads\/2022\/04\/vista-panoramica-1.jpg\u00bb attachment=\u00bbfixed\u00bb bg_position=\u00bbcenter center\u00bb bg_repeat=\u00bbno-repeat\u00bb bg_stretch=\u00bbtrue\u00bb enable_3d=\u00bbtrue\u00bb top_shape_color=\u00bb#ffffff\u00bb bottom_shape_color=\u00bb#ffffff\u00bb el_class=\u00bbfracciones\u00bb sidebar=\u00bbsidebar-1&#8243;][vc_column width=\u00bb1\/12&#8243;][\/vc_column][vc_column width=\u00bb10\/12&#8243;][vc_column_text align=\u00bbcenter\u00bb]Fracciones de Saponinas de Quillay disponibles para la Investigaci\u00f3n Precl\u00ednica:<br \/>\n[\/vc_column_text][vc_row_inner][vc_column_inner width=\u00bb1\/4&#8243;][vc_cta h2=\u00bb\u00bb txt_align=\u00bbcenter\u00bb shape=\u00bbsquare\u00bb]Fracci\u00f3n<br \/>\nQS-7[\/vc_cta][\/vc_column_inner][vc_column_inner width=\u00bb1\/4&#8243;][vc_cta h2=\u00bb\u00bb txt_align=\u00bbcenter\u00bb shape=\u00bbsquare\u00bb]Fracci\u00f3n<br \/>\nQS-17[\/vc_cta][\/vc_column_inner][vc_column_inner width=\u00bb1\/4&#8243;][vc_cta h2=\u00bb\u00bb txt_align=\u00bbcenter\u00bb shape=\u00bbsquare\u00bb]Fracci\u00f3n<br \/>\nQS-18[\/vc_cta][\/vc_column_inner][vc_column_inner width=\u00bb1\/4&#8243;][vc_cta h2=\u00bb\u00bb txt_align=\u00bbcenter\u00bb shape=\u00bbsquare\u00bb]Fracci\u00f3n<br \/>\nA[\/vc_cta][\/vc_column_inner][\/vc_row_inner][vc_row_inner][vc_column_inner width=\u00bb1\/3&#8243;][vc_cta h2=\u00bb\u00bb txt_align=\u00bbcenter\u00bb shape=\u00bbsquare\u00bb]Fracci\u00f3n<br \/>\nB[\/vc_cta][\/vc_column_inner][vc_column_inner width=\u00bb1\/3&#8243;][vc_cta h2=\u00bb\u00bb txt_align=\u00bbcenter\u00bb shape=\u00bbsquare\u00bb]Fracci\u00f3n<br \/>\nC[\/vc_cta][\/vc_column_inner][vc_column_inner width=\u00bb1\/3&#8243;][vc_cta h2=\u00bb\u00bb txt_align=\u00bbcenter\u00bb shape=\u00bbsquare\u00bb]\u00c1cido<br \/>\nQuill\u00e1ico[\/vc_cta][\/vc_column_inner][\/vc_row_inner][\/vc_column][\/mk_page_section][vc_row fullwidth=\u00bbtrue\u00bb fullwidth_content=\u00bbfalse\u00bb id=\u00bbpublicaciones-recientes\u00bb css=\u00bb.vc_custom_1567058973878{padding-top: 0px !important;padding-right: 0px !important;padding-bottom: 0px !important;padding-left: 0px !important;background-color: #f7f7f7 !important;}\u00bb][vc_column css=\u00bb.vc_custom_1443564448109{margin-top: 100px !important;margin-bottom: 100px !important;}\u00bb][vc_row_inner][vc_column_inner][vc_custom_heading text=\u00bbPublicaciones recientes\u00bb font_container=\u00bbtag:h2|font_size:35px|text_align:left\u00bb google_fonts=\u00bbfont_family:Raleway%3A100%2C200%2C300%2Cregular%2C500%2C600%2C700%2C800%2C900|font_style:100%20light%20regular%3A100%3Anormal\u00bb][\/vc_column_inner][\/vc_row_inner][vc_row_inner][vc_column_inner width=\u00bb1\/2&#8243;][vc_column_text]\n<ul style=\"font-style: normal !important; font-weight: normal !important;\">\n<li style=\"font-style: normal !important; font-weight: normal !important;\"><a href=\"https:\/\/desertking.com\/wp-content\/uploads\/2019\/08\/behnaz-phytolyayn.pdf\" target=\"_blank\" rel=\"noopener noreferrer\"><span style=\"font-style: normal !important; font-weight: normal !important;\">Aslanipour,B. 2017. Cycloartane-type glycosides from Astragalus brachycalyx FISCHER and their effects on cytokine release and hemolysis. Phytochemistry Letters 21 (2017) 66-73.<\/span><\/a><\/li>\n<li style=\"font-style: normal !important; font-weight: normal !important;\"><a href=\"https:\/\/desertking.com\/wp-content\/uploads\/2019\/08\/detection-of-liposomal-cholesterol-and-monophosphoryl-lipid-a-by-qs-21-saponin-and-limulus-polyphemus-amebocyte-lysate.pdf\" target=\"_blank\" rel=\"noopener noreferrer\"><span style=\"font-style: normal !important; font-weight: normal !important;\">Beck,Z. 2014. Detection of liposomal cholesterol and monophosphoryl lipid A by QS-21 saponin and Limulus polyphemus amebocyte lysate. Biochimica et Biophysica Acta.<\/span><\/a><\/li>\n<li style=\"font-style: normal !important; font-weight: normal !important;\"><a href=\"https:\/\/desertking.com\/wp-content\/uploads\/2019\/08\/e00101-19.full_.pdf\" target=\"_blank\" rel=\"noopener noreferrer\"><span style=\"font-style: normal !important; font-weight: normal !important;\">Ramakrishnan, A. 2019. Enhanced Immunogenicity and Protective Efficacy of a Campylobacter jejuni Conjugate Vaccine Coadministered with Liposomes Containing Monophosphoryl Lipid A and QS-21. American Society for microbiology.<\/span><\/a><\/li>\n<li style=\"font-style: normal !important; font-weight: normal !important;\"><a href=\"https:\/\/desertking.com\/wp-content\/uploads\/2019\/08\/j.-biol.-chem.-2015-marty-roix-jbc.m115.683011.pdf\" target=\"_blank\" rel=\"noopener noreferrer\"><span style=\"font-style: normal !important; font-weight: normal !important;\">Marty-Roix, R. 2015. Identification of QS-21 as an inflammasome-activating molecular component of saponin adjuvants. JBC Papers in Press<\/span><\/a><\/li>\n<li style=\"font-style: normal !important; font-weight: normal !important;\"><a href=\"https:\/\/desertking.com\/wp-content\/uploads\/2019\/08\/liposomal-vaccine-adjuvant-formulations-2016-carl-alving.pdf\" target=\"_blank\" rel=\"noopener noreferrer\"><span style=\"font-style: normal !important; font-weight: normal !important;\">Alving,C. 2016. Liposomal vaccine adjuvant formulations. Academia Romana<\/span><\/a><\/li>\n<\/ul>\n[\/vc_column_text][\/vc_column_inner][vc_column_inner width=\u00bb1\/2&#8243;][vc_column_text]\n<ul style=\"font-style: normal !important; font-weight: normal !important;\">\n<li style=\"font-style: normal !important; font-weight: normal !important;\"><a href=\"https:\/\/desertking.com\/wp-content\/uploads\/2019\/08\/mpl-qs21-zoltan-beck-2017.pdf\" target=\"_blank\" rel=\"noopener noreferrer\"><span style=\"font-style: normal !important; font-weight: normal !important;\">Genito, C. 2017. Vaccine. Vaccine 35 3865-3874.<\/span><\/a><\/li>\n<li style=\"font-style: normal !important; font-weight: normal !important;\"><a href=\"https:\/\/desertking.com\/wp-content\/uploads\/2019\/08\/programming-of-infuenza-vaccine-broadness-and-persistance-by-mucoadhesive-polymer-based-adjuvant-system-korea-2015.pdf\" target=\"_blank\" rel=\"noopener noreferrer\"><span style=\"font-style: normal !important; font-weight: normal !important;\">Noh et al. 2015.\u00a0<\/span><span style=\"font-style: normal !important; font-weight: normal !important;\">Programming of Influenza Vaccine Broadness and Persistence by Mucoadhesive Polymer-Based Adjuvant Systems<\/span><\/a><\/li>\n<li style=\"font-style: normal !important; font-weight: normal !important;\"><a href=\"https:\/\/desertking.com\/wp-content\/uploads\/2019\/08\/qs21-nano-patch-queensland-u-2016.pdf\" target=\"_blank\" rel=\"noopener noreferrer\"><span style=\"font-style: normal !important; font-weight: normal !important;\">Hwee-Ing, N. 2016. Potent response of QS-21 as a vaccine adjuvant in the skin when delivered with the Nanopatch, resulted in adjuvant dose sparing. Scientific Reports<\/span><\/a><\/li>\n<li style=\"font-style: normal !important; font-weight: normal !important;\"><a href=\"https:\/\/desertking.com\/wp-content\/uploads\/2019\/08\/safety-toxicity-and-immunigenicity-of-a-malaria-vaccine-based-on-fmp013-with-alfq-qs21.pdf\" target=\"_blank\" rel=\"noopener noreferrer\"><span style=\"font-style: normal !important; font-weight: normal !important;\">Cawlfield,A. 2019. Safety, toxicity and immunogenicity of a malaria vaccine based on the circumsporozoite protein (FMP013) with the adjuvant army liposome formulation containing QS21 (ALFQ)\u00a0. Vaccine<\/span><\/a><\/li>\n<li style=\"font-style: normal !important; font-weight: normal !important;\"><a href=\"https:\/\/desertking.com\/wp-content\/uploads\/2019\/08\/tlr-4-plus-qs21-west-nile-virus-2018.pdf\" target=\"_blank\" rel=\"noopener noreferrer\"><span style=\"font-style: normal !important; font-weight: normal !important;\">Van Hoeven,N. 2018.\u00a0A combination of TLR-4 agonist and saponin adjuvants increases antibody diversity and protective efficacy of a recombinant West Nile Virus antigen. NPJ Vaccines<\/span><\/a><\/li>\n<li style=\"font-style: normal !important; font-weight: normal !important;\"><a href=\"https:\/\/desertking.com\/wp-content\/uploads\/2019\/08\/van-de-sandt_2014.-a-novel-g3_dt-adjuvant-promotes-the-induction-of-protective-t-cells-responses-after-vaccination-with-a-seasonal-trivalent-inactivated-split-virion.pdf\" target=\"_blank\" rel=\"noopener noreferrer\"><span style=\"font-style: normal !important; font-weight: normal !important;\">Van den Sandt, C. 2014. Novel G3\/DT adjuvant promotes the induction of protective T cells responses after vaccination with a seasonal trivalent inactivated split-virion influenza vaccine. Vaccine 32 (2014) 5614-5623<\/span><\/a><\/li>\n<\/ul>\n[\/vc_column_text][\/vc_column_inner][\/vc_row_inner][\/vc_column][\/vc_row]\n<\/div>","protected":false},"excerpt":{"rendered":"<p>[mk_page_section bg_image=\u00bbhttps:\/\/desertking.com\/wp-content\/uploads\/2022\/04\/farmaceutica.jpg\u00bb bg_color=\u00bb#646464&#8243; attachment=\u00bbfixed\u00bb bg_position=\u00bbcenter bottom\u00bb bg_repeat=\u00bbno-repeat\u00bb bg_stretch=\u00bbtrue\u00bb enable_3d=\u00bbtrue\u00bb speed_factor=\u00bb-0.5&#8243; sidebar=\u00bbsidebar-1&#8243;][vc_column el_class=\u00bbheadBanner\u00bb][vc_row_inner][vc_column_inner][vc_empty_space height=\u00bb220px\u00bb][vc_custom_heading text=\u00bbFarmac\u00e9utica\u00bb font_container=\u00bbtag:h2|text_align:center|color:%23ffffff\u00bb google_fonts=\u00bbfont_family:Raleway%3A100%2C200%2C300%2Cregular%2C500%2C600%2C700%2C800%2C900|font_style:300%20light%20regular%3A300%3Anormal\u00bb][vc_column_text align=\u00bbcenter\u00bb]Por dos d\u00e9cadas hemos producido y suministrado a la industria farmac\u00e9utica con precursores de alta calidad y pureza. En Desert King hemos desarrollado tecnolog\u00edas escalables para producir precursores de adyuvantes a partir del Quillay, debido a su alto contenido [&hellip;]<\/p>\n","protected":false},"author":7,"featured_media":0,"parent":0,"menu_order":0,"comment_status":"closed","ping_status":"closed","template":"","meta":{"rs_blank_template":"","rs_page_bg_color":"","slide_template_v7":"","footnotes":""},"class_list":["post-2002","page","type-page","status-publish","hentry"],"_links":{"self":[{"href":"https:\/\/desertking.com\/es\/wp-json\/wp\/v2\/pages\/2002","targetHints":{"allow":["GET"]}}],"collection":[{"href":"https:\/\/desertking.com\/es\/wp-json\/wp\/v2\/pages"}],"about":[{"href":"https:\/\/desertking.com\/es\/wp-json\/wp\/v2\/types\/page"}],"author":[{"embeddable":true,"href":"https:\/\/desertking.com\/es\/wp-json\/wp\/v2\/users\/7"}],"replies":[{"embeddable":true,"href":"https:\/\/desertking.com\/es\/wp-json\/wp\/v2\/comments?post=2002"}],"version-history":[{"count":0,"href":"https:\/\/desertking.com\/es\/wp-json\/wp\/v2\/pages\/2002\/revisions"}],"wp:attachment":[{"href":"https:\/\/desertking.com\/es\/wp-json\/wp\/v2\/media?parent=2002"}],"curies":[{"name":"wp","href":"https:\/\/api.w.org\/{rel}","templated":true}]}}