{"id":1382,"date":"2015-09-11T14:29:33","date_gmt":"2015-09-11T17:29:33","guid":{"rendered":"http:\/\/desertkingdev.wpenginepowered.com\/personal-care-cosmetics-applications\/"},"modified":"2024-01-25T17:37:17","modified_gmt":"2024-01-25T20:37:17","slug":"cuidado-personal-y-cosmetica","status":"publish","type":"page","link":"https:\/\/desertking.com\/es\/cuidado-personal-y-cosmetica\/","title":{"rendered":"Cuidado Personal y Cosm\u00e9tica"},"content":{"rendered":"<div class=\"wpb-content-wrapper\">[mk_page_section bg_image=\u00bbhttps:\/\/desertking.com\/wp-content\/uploads\/2015\/09\/Personal-Care-Cosmetics-Banner-1.jpg\u00bb bg_position=\u00bbcenter top\u00bb bg_repeat=\u00bbno-repeat\u00bb bg_stretch=\u00bbtrue\u00bb enable_3d=\u00bbtrue\u00bb speed_factor=\u00bb-0.3&#8243; sidebar=\u00bbsidebar-1&#8243;][vc_column][vc_row_inner][vc_column_inner width=\u00bb2\/3&#8243;][vc_empty_space height=\u00bb250px\u00bb][vc_custom_heading text=\u00bbCuidado Personal y Cosm\u00e9ticos\u00bb font_container=\u00bbtag:h2|font_size:50px|text_align:left|color:%23ffffff\u00bb google_fonts=\u00bbfont_family:Raleway%3A100%2C200%2C300%2Cregular%2C500%2C600%2C700%2C800%2C900|font_style:300%20light%20regular%3A300%3Anormal\u00bb][vc_separator color=\u00bbwhite\u00bb align=\u00bbalign_left\u00bb el_width=\u00bb50&#8243;][vc_empty_space height=\u00bb50px\u00bb][vc_column_text]<span style=\"color: #ffffff; font-size: 20px;\"> Durante siglos la gente nativa de Chile ha utilizado el extracto de Quillaja para lavar su cabello y ropa debido a sus excelentes propiedades de limpieza. Estos extractos son ricos en tensioactivo natural y contienen otros compuestos, incluyendo antioxidantes ricos. Para lograr formulaciones estables y mejorar el rendimiento, nuestros productos son purificados y estandarizados para uso en cuidado personal y cosm\u00e9ticos.<br \/>\n<\/span>[\/vc_column_text][vc_empty_space height=\u00bb200px\u00bb][\/vc_column_inner][vc_column_inner width=\u00bb1\/3&#8243;][\/vc_column_inner][\/vc_row_inner][\/vc_column][\/mk_page_section][vc_row][vc_column css=\u00bb.vc_custom_1442350303161{margin-top: 100px !important;margin-bottom: 100px !important;}\u00bb][vc_row_inner][vc_column_inner][vc_custom_heading text=\u00bbUn pionero en el manejo forestal sostenible\u00bb font_container=\u00bbtag:h2|font_size:35px|text_align:center\u00bb google_fonts=\u00bbfont_family:Raleway%3A100%2C200%2C300%2Cregular%2C500%2C600%2C700%2C800%2C900|font_style:300%20light%20regular%3A300%3Anormal\u00bb][vc_separator el_width=\u00bb50&#8243;][vc_empty_space][vc_column_text align=\u00bbcenter\u00bb css=\u00bb.vc_custom_1706214691927{margin-bottom: 0px !important;}\u00bb]Nuestros productos se fabrican en instalaciones de calidad alimentaria que cumplen con las regulaciones de la FDA. Todos los <em>Quillaja saponaria<\/em> y <em>Yucca schidigera<\/em> se cosechan silvestres y se requieren permisos gubernamentales. Desert King fue pionero en una t\u00e9cnica de manejo forestal sostenible que no depende de la tala de \u00e1rboles para la corteza. Al aprovechar mejor la biomasa de los bosques nativos y las plantaciones de Quillaja, Desert King est\u00e1 reduciendo la presi\u00f3n sobre los bosques nativos y creando cosechas sostenibles a largo plazo. Nuestras instalaciones est\u00e1n certificadas y auditadas por grandes farmac\u00e9uticas y las principales empresas de bebidas del mundo.[\/vc_column_text][\/vc_column_inner][\/vc_row_inner][\/vc_column][\/vc_row][mk_page_section bg_image=\u00bbhttps:\/\/desertking.com\/wp-content\/uploads\/2015\/09\/Personal-Care-Cosmetics-Banner-3.jpg\u00bb bg_position=\u00bbleft bottom\u00bb bg_repeat=\u00bbno-repeat\u00bb enable_3d=\u00bbtrue\u00bb speed_factor=\u00bb0.1&#8243; sidebar=\u00bbcustomer-dashboard-sidebar\u00bb][vc_column][vc_empty_space height=\u00bb80px\u00bb][vc_row_inner][vc_column_inner width=\u00bb1\/2&#8243;][\/vc_column_inner][vc_column_inner width=\u00bb1\/2&#8243;][vc_custom_heading text=\u00bb<b>Andean\u2122<\/b>: Extractos de Quillaja\u00bb font_container=\u00bbtag:h2|font_size:35px|text_align:right\u00bb google_fonts=\u00bbfont_family:Raleway%3A100%2C200%2C300%2Cregular%2C500%2C600%2C700%2C800%2C900|font_style:300%20light%20regular%3A300%3Anormal\u00bb][vc_separator align=\u00bbalign_right\u00bb el_width=\u00bb50&#8243;][vc_empty_space][vc_column_text align=\u00bbright\u00bb css=\u00bb.vc_custom_1706214790551{margin-bottom: 0px !important;}\u00bb]Estos extractos \u00fanicos se fabrican utilizando la extracci\u00f3n acuosa de biomasa Quillaja, utilizando un proceso ecol\u00f3gicamente amigable y sostenible que ha ganado el reconocimiento del Ministerio de Silvicultura de Chile. Los productos Andean, de Desert King, son ricos en saponinas, Certificados Org\u00e1nicos, no OMG, Kosher y Halal. El alto contenido de saponina encontrado en los productos Andean son el componente activo que proporciona los excelentes beneficios y caracter\u00edsticas \u00fanicas asociadas con los beneficios de formulaci\u00f3n de este producto (surfactante, agente limpiador \/ detergente, emulsionante, solubilizador, formador de pel\u00edcula, humectante y agente humectante \/ dispersante de pigmento ).[\/vc_column_text][vc_empty_space height=\u00bb120px\u00bb][\/vc_column_inner][\/vc_row_inner][\/vc_column][\/mk_page_section][vc_row][vc_column width=\u00bb1\/6&#8243;][\/vc_column][vc_column width=\u00bb2\/3&#8243;][vc_empty_space height=\u00bb40px\u00bb][vc_custom_heading text=\u00bbUso de Quillaja en Cuidado personal &amp; Cosm\u00e9tica\u00bb font_container=\u00bbtag:h2|font_size:35px|text_align:center\u00bb google_fonts=\u00bbfont_family:Raleway%3A100%2C200%2C300%2Cregular%2C500%2C600%2C700%2C800%2C900|font_style:300%20light%20regular%3A300%3Anormal\u00bb][vc_separator align=\u00bbalign_right\u00bb el_width=\u00bb50&#8243;][vc_video link=\u00bbhttps:\/\/youtu.be\/pT9AuP1qfYQ\u00bb][vc_empty_space height=\u00bb60px\u00bb][\/vc_column][vc_column width=\u00bb1\/6&#8243;][\/vc_column][\/vc_row][mk_page_section bg_color=\u00bbeae2e2&#8243; video_color_mask=\u00bb#eae2e2&#8243; video_opacity=\u00bb1&#8243; padding_top=\u00bb50&#8243; padding_bottom=\u00bb0&#8243; sidebar=\u00bbsidebar-1&#8243;][vc_column][vc_empty_space height=\u00bb50px\u00bb][vc_row_inner][vc_column_inner][vc_custom_heading text=\u00bbAlgunas aplicaciones directas\u00bb font_container=\u00bbtag:h2|font_size:35px|text_align:center\u00bb google_fonts=\u00bbfont_family:Raleway%3A100%2C200%2C300%2Cregular%2C500%2C600%2C700%2C800%2C900|font_style:300%20light%20regular%3A300%3Anormal\u00bb][vc_separator el_width=\u00bb50&#8243;][vc_empty_space][vc_column_text align=\u00bbcenter\u00bb css=\u00bb.vc_custom_1706214812375{margin-bottom: 0px !important;}\u00bb]Quillaja se ha utilizado durante mucho tiempo en Cuidado Personal y Cosm\u00e9ticos y sigue siendo una opci\u00f3n popular para los formuladores que deseen utilizar ingredientes no sint\u00e9ticos y org\u00e1nicos. Vemos que nuestra Quillaja y Yuca se usan tanto en productos para adultos como para beb\u00e9s y act\u00faan como ingredientes funcionales y activos y ofrecen una etiqueta limpia.[\/vc_column_text][vc_empty_space][\/vc_column_inner][\/vc_row_inner][vc_row_inner][vc_column_inner width=\u00bb1\/4&#8243;][vc_column_text]<span style=\"font-size: 18px;\">Cremas limpiadoras para la cara\u00a0<\/span><br \/>\n<span style=\"font-size: 18px;\">Geles limpiadores <\/span><br \/>\n<span style=\"font-size: 18px;\">Pa\u00f1os limpiadores<\/span><br \/>\n<span style=\"font-size: 18px;\">M\u00e1scaras de fregar <\/span><br \/>\n<span style=\"font-size: 18px;\">Lavados de cara <\/span>[\/vc_column_text][\/vc_column_inner][vc_column_inner width=\u00bb1\/4&#8243;][vc_column_text]<span style=\"font-size: 18px;\"> Dent\u00edfricos <\/span><br \/>\n<span style=\"font-size: 18px;\"> Enjuagues bucales <\/span><br \/>\n<span style=\"font-size: 18px;\"> Removedores de maquillaje de ojos <\/span><br \/>\n<span style=\"font-size: 18px;\"> Cremas de d\u00eda <\/span><br \/>\n<span style=\"font-size: 18px;\"> Maquillaje l\u00edquido <\/span>[\/vc_column_text][\/vc_column_inner][vc_column_inner width=\u00bb1\/4&#8243;][vc_column_text]<span style=\"font-size: 18px;\"> Champ\u00fas <\/span><br \/>\n<span style=\"font-size: 18px;\"> Acondicionadores de cabello <\/span><br \/>\n<span style=\"font-size: 18px;\"> Lavados Corporales <\/span><br \/>\n<span style=\"font-size: 18px;\"> Cremas Corporales\u2028 <\/span><br \/>\n<span style=\"font-size: 18px;\"> Ba\u00f1o de burbujas <\/span>[\/vc_column_text][\/vc_column_inner][vc_column_inner width=\u00bb1\/4&#8243;][vc_column_text]<span style=\"font-size: 18px;\"> Lociones hidratantes <\/span><br \/>\n<span style=\"font-size: 18px;\"> Toallitas para beb\u00e9 <\/span><br \/>\n<span style=\"font-size: 18px;\"> Pa\u00f1os Femeninos <\/span><br \/>\n<span style=\"font-size: 18px;\"> Y mucho m\u00e1s <\/span>[\/vc_column_text][\/vc_column_inner][\/vc_row_inner][\/vc_column][\/mk_page_section][vc_row fullwidth=\u00bbtrue\u00bb][vc_column css=\u00bb.vc_custom_1501050519273{background-color: #eae2e2 !important;}\u00bb][vc_single_image image=\u00bb1447&#8243; img_size=\u00bbfull\u00bb alignment=\u00bbcenter\u00bb css=\u00bb.vc_custom_1501051402587{margin-bottom: 0px !important;}\u00bb][\/vc_column][\/vc_row][vc_row][vc_column css=\u00bb.vc_custom_1445884298869{margin-top: 100px !important;margin-bottom: 100px !important;}\u00bb][vc_custom_heading text=\u00bbGama de Productos\u00bb font_container=\u00bbtag:h2|font_size:35px|text_align:center\u00bb google_fonts=\u00bbfont_family:Raleway%3A100%2C200%2C300%2Cregular%2C500%2C600%2C700%2C800%2C900|font_style:300%20light%20regular%3A300%3Anormal\u00bb][vc_separator el_width=\u00bb50&#8243;][mk_tab_slider order=\u00bbASC\u00bb orderby=\u00bbmenu_order\u00bb tabs=\u00bb572, 1359, 1360&#8243;][\/vc_column][\/vc_row][vc_row][vc_column][vc_column_text align=\u00bbcenter\u00bb]\n<div class=\"mk-text-block \">\n<p style=\"text-align: center;\"><strong>Si necesita m\u00e1s informaci\u00f3n, p\u00f3ngase en contacto con nuestro especialista:<\/strong><\/p>\n<\/div>\n[\/vc_column_text][vc_column_text]\n<p style=\"text-align: center;\">[mk_circle_image src=\u00bbhttps:\/\/desertking.com\/wp-content\/uploads\/2015\/09\/Lauren-Williams.png\u00bb image_diameter=\u00bb200&#8243;]\n<p style=\"text-align: center;\"><strong>Lauren Williams<br \/>\n<\/strong><span class=\"ff1 cf0 fs24\">en Portugu\u00e9s, Ingl\u00e9s o Espa\u00f1ol<br \/>\n<a href=\"mailto:lwilliams@desertking.com\">lwilliams@desertking.com<\/a><\/span><\/p>\n[\/vc_column_text][\/vc_column][\/vc_row]\n<\/div>","protected":false},"excerpt":{"rendered":"<p>[mk_page_section bg_image=\u00bbhttps:\/\/desertking.com\/wp-content\/uploads\/2015\/09\/Personal-Care-Cosmetics-Banner-1.jpg\u00bb bg_position=\u00bbcenter top\u00bb bg_repeat=\u00bbno-repeat\u00bb bg_stretch=\u00bbtrue\u00bb enable_3d=\u00bbtrue\u00bb speed_factor=\u00bb-0.3&#8243; sidebar=\u00bbsidebar-1&#8243;][vc_column][vc_row_inner][vc_column_inner width=\u00bb2\/3&#8243;][vc_empty_space height=\u00bb250px\u00bb][vc_custom_heading text=\u00bbCuidado Personal y Cosm\u00e9ticos\u00bb font_container=\u00bbtag:h2|font_size:50px|text_align:left|color:%23ffffff\u00bb google_fonts=\u00bbfont_family:Raleway%3A100%2C200%2C300%2Cregular%2C500%2C600%2C700%2C800%2C900|font_style:300%20light%20regular%3A300%3Anormal\u00bb][vc_separator color=\u00bbwhite\u00bb align=\u00bbalign_left\u00bb el_width=\u00bb50&#8243;][vc_empty_space height=\u00bb50px\u00bb][vc_column_text] Durante siglos la gente nativa de Chile ha utilizado el extracto de Quillaja para lavar su cabello y ropa debido a sus excelentes propiedades de limpieza. Estos extractos son ricos en tensioactivo natural y [&hellip;]<\/p>\n","protected":false},"author":7,"featured_media":0,"parent":0,"menu_order":0,"comment_status":"open","ping_status":"closed","template":"","meta":{"rs_blank_template":"","rs_page_bg_color":"","slide_template_v7":"","footnotes":""},"class_list":["post-1382","page","type-page","status-publish","hentry"],"_links":{"self":[{"href":"https:\/\/desertking.com\/es\/wp-json\/wp\/v2\/pages\/1382","targetHints":{"allow":["GET"]}}],"collection":[{"href":"https:\/\/desertking.com\/es\/wp-json\/wp\/v2\/pages"}],"about":[{"href":"https:\/\/desertking.com\/es\/wp-json\/wp\/v2\/types\/page"}],"author":[{"embeddable":true,"href":"https:\/\/desertking.com\/es\/wp-json\/wp\/v2\/users\/7"}],"replies":[{"embeddable":true,"href":"https:\/\/desertking.com\/es\/wp-json\/wp\/v2\/comments?post=1382"}],"version-history":[{"count":0,"href":"https:\/\/desertking.com\/es\/wp-json\/wp\/v2\/pages\/1382\/revisions"}],"wp:attachment":[{"href":"https:\/\/desertking.com\/es\/wp-json\/wp\/v2\/media?parent=1382"}],"curies":[{"name":"wp","href":"https:\/\/api.w.org\/{rel}","templated":true}]}}