{"id":1380,"date":"2015-09-11T14:31:35","date_gmt":"2015-09-11T17:31:35","guid":{"rendered":"http:\/\/desertkingdev.wpenginepowered.com\/animal-nutrition-health-applications\/"},"modified":"2022-04-12T19:42:24","modified_gmt":"2022-04-12T22:42:24","slug":"nutricion-y-salud-animal","status":"publish","type":"page","link":"https:\/\/desertking.com\/es\/nutricion-y-salud-animal\/","title":{"rendered":"Nutrici\u00f3n y Salud Animal"},"content":{"rendered":"<div class=\"wpb-content-wrapper\">[mk_page_section bg_image=\u00bbhttps:\/\/desertking.com\/wp-content\/uploads\/2019\/05\/slider-nutrafito-1.jpg\u00bb bg_position=\u00bbcenter top\u00bb bg_repeat=\u00bbno-repeat\u00bb bg_stretch=\u00bbtrue\u00bb enable_3d=\u00bbtrue\u00bb speed_factor=\u00bb-0.1&#8243; sidebar=\u00bbsidebar-1&#8243;][vc_column][vc_row_inner][vc_column_inner][vc_empty_space height=\u00bb250px\u00bb][vc_custom_heading text=\u00bbNutrici\u00f3n y Salud Animal\u00bb font_container=\u00bbtag:h2|font_size:50px|text_align:center|color:%230a0a0a\u00bb google_fonts=\u00bbfont_family:Raleway%3A100%2C200%2C300%2Cregular%2C500%2C600%2C700%2C800%2C900|font_style:300%20light%20regular%3A300%3Anormal\u00bb][vc_separator color=\u00bbblack\u00bb el_width=\u00bb50&#8243;][vc_empty_space height=\u00bb50px\u00bb][vc_column_text align=\u00bbcenter\u00bb]<span style=\"color: #000000; font-size: 20px;\">Mejora desempe\u00f1o productivo y salud intestinal | Modula respuesta inmune | Reduce amon\u00edaco <\/span>[\/vc_column_text][vc_empty_space height=\u00bb200px\u00bb][\/vc_column_inner][\/vc_row_inner][\/vc_column][\/mk_page_section][vc_row][vc_column css=\u00bb.vc_custom_1442219093337{margin-top: 100px !important;margin-bottom: 100px !important;}\u00bb][vc_row_inner][vc_column_inner][vc_custom_heading text=\u00bbEfectos en las aves de corral y cerdos\u00bb font_container=\u00bbtag:h2|font_size:35px|text_align:center\u00bb google_fonts=\u00bbfont_family:Raleway%3A100%2C200%2C300%2Cregular%2C500%2C600%2C700%2C800%2C900|font_style:300%20light%20regular%3A300%3Anormal\u00bb][vc_separator el_width=\u00bb50&#8243;][vc_empty_space][vc_column_text align=\u00bbcenter\u00bb]<strong>Aves<\/strong><\/p>\n<p>Nutrafito (<em>Quillaja saponaria<\/em>) y Nutrafito Plus (Mezcla de <em>Quillaja saponaria<\/em> &amp; <em>Yucca schidigera<\/em>), mejoran la salud intestinal, la absorci\u00f3n de nutrientes y la integridad intestinal. Se han desarrollado diversos estudios en pollos de engorde en condiciones controladas y a escala comercial en, Estados Unidos, Southern Poultry Research &#8211; Athens, GA (2012), Texas A&amp;M University (2005), Mississippi State University (2005), M\u00e9xico (2003), Brasil (2002), otros (2012-2018), demostr\u00e1ndose que la suplementaci\u00f3n oral de Nutrafito Plus, mejora el crecimiento y la eficiencia de uso del alimento (FCR), similar a lo logrado con promotores de crecimiento antibi\u00f3tico y no antibi\u00f3tico (probi\u00f3ticos, prebi\u00f3ticos, etc).<\/p>\n<p>De otro lado, <em>Quillaja<\/em> (Nutrafito) y <em>Quillaja<\/em>&amp;<em>Yucca<\/em> (Nutrafito Plus), se pueden a\u00f1adir a las dietas de aves, para modular la respuesta inmune innata y adaptativa, la resistencia a pat\u00f3genos, particularmente a Salmonella en pollos, y mejorar la eficiencia de programas de vacunaci\u00f3n como Newcastle (Araujo et al, 2013 &#8211; USP-DNP- Brasil).<\/p>\n<p>&nbsp;<\/p>\n<p><strong>Cerdos<\/strong><\/p>\n<p>En cerdos, la administraci\u00f3n oral de Nutrafito y Nutrafito Plus, mejora el rendimiento productivo y el estatus inmune (IgA, IgG, Interfer\u00f3n gamma) de cerdos al d\u00eda 20 post destete (Ilsley et al, 2005; V\u00e1clavkov\u00e1 et al, 2008; P.Assavacheep, et al, 2015 &#8211; Chulalongkorn University, Thailand). En cerdas gestantes, la adici\u00f3n oral de Nutrafito Plus, mejora el nivel de inmunoglobulina A (IgA) en el calostro al momento del parto, y el peso de los lechones reci\u00e9n nacidos (Ilsley et al, 2005).[\/vc_column_text][\/vc_column_inner][\/vc_row_inner][\/vc_column][\/vc_row][vc_row][vc_column]\n\t\t\t\t<p class=\"rs-p-wp-fix\"><\/p>\n\t\t\t\t<sr7-module data-alias=\"animal-nutrition_es\" data-id=\"12\" id=\"SR7_12_1\" data-version=\"7.0.5\">\n\t\t\t\t\t<sr7-adjuster><\/sr7-adjuster>\n\t\t\t\t\t<sr7-content>\n\t\t\t\t\t\t<sr7-slide id=\"SR7_12_1-50\" data-key=\"50\">\n\t\t\t\t\t\t\t<sr7-bg id=\"SR7_12_1-50-11\" class=\"sr7-layer\"><noscript><img decoding=\"async\" src=\"http:\/\/desertking.com\/wp-content\/uploads\/2019\/05\/slider-nutrafito-2.jpg\" alt=\"\" title=\"slider-nutrafito-2\"><\/noscript><\/sr7-bg>\n\t\t\t\t\t\t\t<sr7-txt id=\"SR7_12_1-50-10\" class=\"sr7-layer\">Para aves  m\u00e1s sanas y productivas<\/sr7-txt>\n\t\t\t\t\t\t<\/sr7-slide>\n\t\t\t\t\t\t<sr7-slide id=\"SR7_12_1-51\" data-key=\"51\">\n\t\t\t\t\t\t\t<sr7-bg id=\"SR7_12_1-51-11\" class=\"sr7-layer\"><noscript><img decoding=\"async\" src=\"http:\/\/desertking.com\/wp-content\/uploads\/2019\/05\/slider-nutrafito-3.jpg\" alt=\"\" title=\"slider-nutrafito-3\"><\/noscript><\/sr7-bg>\n\t\t\t\t\t\t\t<sr7-txt id=\"SR7_12_1-51-10\" class=\"sr7-layer\">Alternativa natural para cerdos destetados m\u00e1s sanos y productivos<\/sr7-txt>\n\t\t\t\t\t\t<\/sr7-slide>\n\t\t\t\t\t\t<sr7-slide id=\"SR7_12_1-52\" data-key=\"52\">\n\t\t\t\t\t\t\t<sr7-bg id=\"SR7_12_1-52-13\" class=\"sr7-layer\"><noscript><img decoding=\"async\" src=\"http:\/\/desertking.com\/wp-content\/uploads\/2019\/05\/slider-nutrafito-4.jpg\" alt=\"\" title=\"slider-nutrafito-4\"><\/noscript><\/sr7-bg>\n\t\t\t\t\t\t\t<sr7-txt id=\"SR7_12_1-52-12\" class=\"sr7-layer\">Para mejorar la eficiencia productiva y sanitaria de las cerdas<\/sr7-txt>\n\t\t\t\t\t\t<\/sr7-slide>\n\t\t\t\t\t\t<sr7-slide id=\"SR7_12_1-53\" data-key=\"53\">\n\t\t\t\t\t\t\t<sr7-bg id=\"SR7_12_1-53-11\" class=\"sr7-layer\"><noscript><img decoding=\"async\" src=\"http:\/\/desertking.com\/wp-content\/uploads\/2019\/05\/slider-nutrafito-5.jpg\" alt=\"\" title=\"slider-nutrafito-5\"><\/noscript><\/sr7-bg>\n\t\t\t\t\t\t\t<sr7-txt id=\"SR7_12_1-53-10\" class=\"sr7-layer\">Promotor natural del crecimiento y la salud en peces<\/sr7-txt>\n\t\t\t\t\t\t<\/sr7-slide>\n\t\t\t\t\t\t<sr7-slide id=\"SR7_12_1-55\" data-key=\"55\">\n\t\t\t\t\t\t\t<sr7-bg id=\"SR7_12_1-55-11\" class=\"sr7-layer\"><noscript><img decoding=\"async\" src=\"http:\/\/desertking.com\/wp-content\/uploads\/2019\/05\/slider-nutrafito-6.jpg\" alt=\"\" title=\"slider-nutrafito-6\"><\/noscript><\/sr7-bg>\n\t\t\t\t\t\t\t<sr7-txt id=\"SR7_12_1-55-10\" class=\"sr7-layer\">Para camarones m\u00e1s sanos y productivos<\/sr7-txt>\n\t\t\t\t\t\t<\/sr7-slide>\n\t\t\t\t\t\t<sr7-slide id=\"SR7_12_1-54\" data-key=\"54\">\n\t\t\t\t\t\t\t<sr7-bg id=\"SR7_12_1-54-11\" class=\"sr7-layer\"><noscript><img decoding=\"async\" src=\"http:\/\/desertking.com\/wp-content\/uploads\/2019\/05\/slider-nutrafito-7.jpg\" alt=\"\" title=\"slider-nutrafito-7\"><\/noscript><\/sr7-bg>\n\t\t\t\t\t\t\t<sr7-txt id=\"SR7_12_1-54-10\" class=\"sr7-layer\">Para una gl\u00e1ndula mamaria m\u00e1s sana y productiva<\/sr7-txt>\n\t\t\t\t\t\t<\/sr7-slide>\n\t\t\t\t\t\t<sr7-slide id=\"SR7_12_1-56\" data-key=\"56\">\n\t\t\t\t\t\t\t<sr7-bg id=\"SR7_12_1-56-4\" class=\"sr7-layer\"><noscript><img decoding=\"async\" src=\"http:\/\/desertking.com\/wp-content\/uploads\/2019\/05\/slider-sarsaponin-30.jpg\" alt=\"\" title=\"slider-sarsaponin-30\"><\/noscript><\/sr7-bg>\n\t\t\t\t\t\t\t<sr7-txt id=\"SR7_12_1-56-1\" class=\"sr7-layer\">Yucca schidigera, para reducir la s\u00edntesis y emisi\u00f3n de amon\u00edaco<\/sr7-txt>\n\t\t\t\t\t\t<\/sr7-slide>\n\t\t\t\t\t\t<sr7-slide id=\"SR7_12_1-80\" data-key=\"80\">\n\t\t\t\t\t\t<\/sr7-slide>\n\t\t\t\t\t<\/sr7-content>\n\t\t\t\t\t<image_lists style=\"display:none\">\n\t\t\t\t\t\t<img data-src=\"\/\/desertking.com\/wp-content\/uploads\/2019\/05\/logo-nutrafito-plus-green-1024x208.png\" data-libid=\"1563\" title=\"logo-nutrafito-plus-green\" width=\"0\" height=\"0\" data-dbsrc=\"Ly9kZXNlcnRraW5nLmNvbS93cC1jb250ZW50L3VwbG9hZHMvMjAxOS8wNS9sb2dvLW51dHJhZml0by1wbHVzLWdyZWVuLTEwMjR4MjA4LnBuZw==\"\/>\n\t\t\t\t\t\t<img data-src=\"\/\/desertking.com\/wp-content\/uploads\/2019\/05\/slider-nutrafito-1.jpg\" width=\"0\" height=\"0\" data-dbsrc=\"Ly9kZXNlcnRraW5nLmNvbS93cC1jb250ZW50L3VwbG9hZHMvMjAxOS8wNS9zbGlkZXItbnV0cmFmaXRvLTEuanBn\"\/>\n\t\t\t\t\t\t<img data-src=\"\/\/desertking.com\/wp-content\/uploads\/2019\/05\/logo-nutrafito-plus-black-1024x208.png\" data-libid=\"1562\" title=\"logo-nutrafito-plus-black\" width=\"0\" height=\"0\" data-dbsrc=\"Ly9kZXNlcnRraW5nLmNvbS93cC1jb250ZW50L3VwbG9hZHMvMjAxOS8wNS9sb2dvLW51dHJhZml0by1wbHVzLWJsYWNrLTEwMjR4MjA4LnBuZw==\"\/>\n\t\t\t\t\t\t<img data-src=\"\/\/desertking.com\/wp-content\/uploads\/2019\/05\/slider-nutrafito-2.jpg\" width=\"0\" height=\"0\" data-dbsrc=\"Ly9kZXNlcnRraW5nLmNvbS93cC1jb250ZW50L3VwbG9hZHMvMjAxOS8wNS9zbGlkZXItbnV0cmFmaXRvLTIuanBn\"\/>\n\t\t\t\t\t\t<img data-src=\"\/\/desertking.com\/wp-content\/uploads\/2019\/05\/logo-nutrafito-plus-white-1024x208.png\" data-libid=\"1561\" title=\"logo-nutrafito-plus-white\" width=\"0\" height=\"0\" data-dbsrc=\"Ly9kZXNlcnRraW5nLmNvbS93cC1jb250ZW50L3VwbG9hZHMvMjAxOS8wNS9sb2dvLW51dHJhZml0by1wbHVzLXdoaXRlLTEwMjR4MjA4LnBuZw==\"\/>\n\t\t\t\t\t\t<img data-src=\"\/\/desertking.com\/wp-content\/uploads\/2019\/05\/slider-nutrafito-3.jpg\" width=\"0\" height=\"0\" data-dbsrc=\"Ly9kZXNlcnRraW5nLmNvbS93cC1jb250ZW50L3VwbG9hZHMvMjAxOS8wNS9zbGlkZXItbnV0cmFmaXRvLTMuanBn\"\/>\n\t\t\t\t\t\t<img data-src=\"\/\/desertking.com\/wp-content\/uploads\/2019\/05\/slider-nutrafito-4.jpg\" width=\"0\" height=\"0\" data-dbsrc=\"Ly9kZXNlcnRraW5nLmNvbS93cC1jb250ZW50L3VwbG9hZHMvMjAxOS8wNS9zbGlkZXItbnV0cmFmaXRvLTQuanBn\"\/>\n\t\t\t\t\t\t<img data-src=\"\/\/desertking.com\/wp-content\/uploads\/2019\/05\/slider-nutrafito-5.jpg\" width=\"0\" height=\"0\" data-dbsrc=\"Ly9kZXNlcnRraW5nLmNvbS93cC1jb250ZW50L3VwbG9hZHMvMjAxOS8wNS9zbGlkZXItbnV0cmFmaXRvLTUuanBn\"\/>\n\t\t\t\t\t\t<img data-src=\"\/\/desertking.com\/wp-content\/uploads\/2019\/05\/slider-nutrafito-7.jpg\" width=\"0\" height=\"0\" data-dbsrc=\"Ly9kZXNlcnRraW5nLmNvbS93cC1jb250ZW50L3VwbG9hZHMvMjAxOS8wNS9zbGlkZXItbnV0cmFmaXRvLTcuanBn\"\/>\n\t\t\t\t\t\t<img data-src=\"\/\/desertking.com\/wp-content\/uploads\/2019\/05\/slider-nutrafito-6.jpg\" width=\"0\" height=\"0\" data-dbsrc=\"Ly9kZXNlcnRraW5nLmNvbS93cC1jb250ZW50L3VwbG9hZHMvMjAxOS8wNS9zbGlkZXItbnV0cmFmaXRvLTYuanBn\"\/>\n\t\t\t\t\t\t<img data-src=\"\/\/desertking.com\/wp-content\/uploads\/2019\/05\/logo-sarsaponin-30.png\" data-libid=\"1567\" title=\"logo-sarsaponin-30\" width=\"0\" height=\"0\" data-dbsrc=\"Ly9kZXNlcnRraW5nLmNvbS93cC1jb250ZW50L3VwbG9hZHMvMjAxOS8wNS9sb2dvLXNhcnNhcG9uaW4tMzAucG5n\"\/>\n\t\t\t\t\t\t<img data-src=\"\/\/desertking.com\/wp-content\/uploads\/2019\/05\/slider-sarsaponin-30.jpg\" width=\"0\" height=\"0\" data-dbsrc=\"Ly9kZXNlcnRraW5nLmNvbS93cC1jb250ZW50L3VwbG9hZHMvMjAxOS8wNS9zbGlkZXItc2Fyc2Fwb25pbi0zMC5qcGc=\"\/>\n\t\t\t\t\t<\/image_lists>\n\t\t\t\t<\/sr7-module>\n\t\t\t\t<script>\n\t\t\t\t\twindow.SR7??={}; SR7.PMH ??={}; SR7.PMH[\"SR7_12_1\"] = {cn:100,state:false,fn: function() { if (window._tpt!==undefined && window._tpt.prepareModuleHeight !== undefined) {  _tpt.prepareModuleHeight({id:\"SR7_12_1\",type:'standard',gh:[750,750,750,750,750],gw:[1024,1024,1024,1024,1024],vpt:['-200px'],size:{fullWidth:true, fullHeight:false},mh:'0',onh:0,onw:0,bg:{color:'{\"type\":\"solid\",\"orig\":\"#E9E9E9\",\"string\":\"rgba(233, 233, 233, 1)\"}'},plType:'0',plColor:'#FFFFFF'});   SR7.PMH[\"SR7_12_1\"].state=true;} else if(SR7.PMH[\"SR7_12_1\"].cn-->0)\tsetTimeout( SR7.PMH[\"SR7_12_1\"].fn,19);}};SR7.PMH[\"SR7_12_1\" ].fn();\n\t\t\t\t<\/script>\n[\/vc_column][\/vc_row][vc_row][vc_column css=\u00bb.vc_custom_1442219084523{margin-top: 100px !important;margin-bottom: 100px !important;}\u00bb][vc_row_inner][vc_column_inner][vc_single_image image=\u00bb448&#8243; alignment=\u00bbcenter\u00bb][vc_custom_heading text=\u00bbEfectos en Aqua\u00bb font_container=\u00bbtag:h2|font_size:35px|text_align:center\u00bb google_fonts=\u00bbfont_family:Raleway%3A100%2C200%2C300%2Cregular%2C500%2C600%2C700%2C800%2C900|font_style:300%20light%20regular%3A300%3Anormal\u00bb][vc_separator el_width=\u00bb50&#8243;][vc_empty_space][vc_column_text align=\u00bbcenter\u00bb]La suplementaci\u00f3n diet\u00e9tica de <i>Quillaja saponaria<\/i> en bajas dosis, mejora la eficiencia metab\u00f3lica (retenci\u00f3n de energ\u00eda, conversi\u00f3n de l\u00edpidos y grasa en la canal) de Tilapia (<i>Oreochromis niloticus<\/i>) y Carpa (<i>Cyprinus carpio<\/i>), y tiene efectos inmunopotenciadores en leucocitos de peces Yellowtail (<i>Seriola quinqueradiata<\/i>). Igualmente, la administraci\u00f3n oral de una mezcla de \u00ab<i>Quillaja saponaria <\/i>&amp;<i> Yucca schidigera<\/i>\u00bb (Nutrafito Plus), mejora la respuesta inmune y el rendimiento (ganancia de peso y conversi\u00f3n alimenticia, FCR) en camarones (<i>Litopenaeus vannamei<\/i>) y bagres (<i>Pangasius hypophthalmus<\/i>).<\/p>\n<p>&nbsp;<\/p>\n<p style=\"text-align: center;\"><strong><u>Comunicados de prensa<\/u><\/strong><\/p>\n<p style=\"text-align: center;\">&#8211; <a href=\"https:\/\/desertking.com\/extractos-de-quillay-podrian-ayudar-a-reducir-el-uso-de-antibioticos-en-salmonicultura\/?lang=es\">Extractos de Quillay podr\u00edan ayudar a reducir el uso de antibi\u00f3ticos en salmonicultura<\/a><br \/>\n&#8211; <a href=\"https:\/\/desertking.com\/wp-content\/uploads\/2020\/01\/beneficios-de-la-quillaja-saponaria-para-la-industria-salmonera.pdf\" target=\"_blank\" rel=\"noopener noreferrer\">Beneficios de la <em>Quillaja saponaria<\/em> para la industria salmonera<\/a><br \/>\n<a href=\"https:\/\/desertking.com\/wp-content\/uploads\/2020\/12\/paq-xtract-en-el-control-de-p.salmonis-srs_nov-2020_se88-nov-id-paq-xtract.pdf\">&#8211; Efectos del uso de extractos purificados de Quillay (Paq-Xtract) en la<\/a><br \/>\nreducci\u00f3n\u00a0de mortalidades por Piscirickettsia salmonis<\/p>\n[\/vc_column_text][\/vc_column_inner][\/vc_row_inner][\/vc_column][\/vc_row][mk_page_section bg_image=\u00bbhttps:\/\/desertking.com\/wp-content\/uploads\/2015\/09\/chicken.jpg\u00bb bg_repeat=\u00bbno-repeat\u00bb bg_stretch=\u00bbtrue\u00bb enable_3d=\u00bbtrue\u00bb speed_factor=\u00bb-0.1&#8243; sidebar=\u00bbsidebar-1&#8243;][vc_column css=\u00bb.vc_custom_1442347321742{margin-top: 100px !important;margin-bottom: 100px !important;}\u00bb][vc_row_inner][vc_column_inner width=\u00bb1\/2&#8243;][vc_custom_heading text=\u00bbReducci\u00f3n de amoniaco\u00bb font_container=\u00bbtag:h2|font_size:35px|text_align:left|color:%23ffffff\u00bb google_fonts=\u00bbfont_family:Raleway%3A100%2C200%2C300%2Cregular%2C500%2C600%2C700%2C800%2C900|font_style:300%20light%20regular%3A300%3Anormal\u00bb][vc_separator color=\u00bbwhite\u00bb align=\u00bbalign_left\u00bb el_width=\u00bb50&#8243;][vc_empty_space][vc_column_text]<span style=\"color: #ffffff;\">Nutrafito y Nutrafito Plus, pueden utilizarse como aditivos en la alimentaci\u00f3n animal para la reducci\u00f3n de amon\u00edaco en cerdos, pollos, mascotas y peces. A niveles bajos, Nutrafito y Nutrafito Plus reducen el amon\u00edaco medioambiental en un 30-50%. La sinergia entre Saponinas y Glycocomponentes fracci\u00f3n naturalmente presente en extractos de Quillaja \u03b4 Yuca desempe\u00f1a un papel fundamental en el control de amon\u00edaco.<br \/>\n<\/span>[\/vc_column_text][\/vc_column_inner][vc_column_inner width=\u00bb1\/2&#8243;][\/vc_column_inner][\/vc_row_inner][\/vc_column][\/mk_page_section][vc_row][vc_column][vc_empty_space][vc_column_text align=\u00bbcenter\u00bb]\n<p style=\"text-align: center;\"><img loading=\"lazy\" decoding=\"async\" class=\"alignnone wp-image-1548 size-full\" src=\"https:\/\/desertking.com\/wp-content\/uploads\/2019\/01\/logo-phibro-e1546901122849.jpg\" alt=\"\" width=\"273\" height=\"88\" \/><\/p>\n<p style=\"text-align: center;\">Hoy mantenemos una alianza estrat\u00e9gica con <strong><a href=\"https:\/\/www.pahc.com\" target=\"_blank\" rel=\"noopener noreferrer nofollow\">Phibro<\/a>.<\/strong><\/p>\n[\/vc_column_text][\/vc_column][\/vc_row][vc_row el_class=\u00bbprofileimgs\u00bb][vc_column css=\u00bb.vc_custom_1445627483508{margin-top: 100px !important;}\u00bb][vc_row_inner][vc_column_inner][vc_column_text align=\u00bbcenter\u00bb]\n<p style=\"text-align: center;\"><strong>Si necesita m\u00e1s informaci\u00f3n, p\u00f3ngase en contacto con nuestro especialista:<\/strong><\/p>\n[\/vc_column_text][\/vc_column_inner][\/vc_row_inner][vc_column_text]\n<p style=\"text-align: center;\">[mk_circle_image src=\u00bb<img decoding=\"async\" src=\"https:\/\/desertking.com\/wp-content\/uploads\/2019\/06\/hernan-e1559879522763.png\" \/>\u00bb image_diameter=\u00bb200&#8243;]\n<p style=\"text-align: center;\"><strong>Hern\u00e1n Cort\u00e9s<\/strong><br \/>\nen Ingl\u00e9s o Espa\u00f1ol<\/p>\n<p style=\"text-align: center;\"><a href=\"mailto:hcortes@desertking.cl\">hcortes@desertking.cl<\/a><\/p>\n[\/vc_column_text][\/vc_column][\/vc_row]\n<\/div>","protected":false},"excerpt":{"rendered":"<p>[mk_page_section bg_image=\u00bbhttps:\/\/desertking.com\/wp-content\/uploads\/2019\/05\/slider-nutrafito-1.jpg\u00bb bg_position=\u00bbcenter top\u00bb bg_repeat=\u00bbno-repeat\u00bb bg_stretch=\u00bbtrue\u00bb enable_3d=\u00bbtrue\u00bb speed_factor=\u00bb-0.1&#8243; sidebar=\u00bbsidebar-1&#8243;][vc_column][vc_row_inner][vc_column_inner][vc_empty_space height=\u00bb250px\u00bb][vc_custom_heading text=\u00bbNutrici\u00f3n y Salud Animal\u00bb font_container=\u00bbtag:h2|font_size:50px|text_align:center|color:%230a0a0a\u00bb google_fonts=\u00bbfont_family:Raleway%3A100%2C200%2C300%2Cregular%2C500%2C600%2C700%2C800%2C900|font_style:300%20light%20regular%3A300%3Anormal\u00bb][vc_separator color=\u00bbblack\u00bb el_width=\u00bb50&#8243;][vc_empty_space height=\u00bb50px\u00bb][vc_column_text align=\u00bbcenter\u00bb]Mejora desempe\u00f1o productivo y salud intestinal | Modula respuesta inmune | Reduce amon\u00edaco [\/vc_column_text][vc_empty_space height=\u00bb200px\u00bb][\/vc_column_inner][\/vc_row_inner][\/vc_column][\/mk_page_section][vc_row][vc_column css=\u00bb.vc_custom_1442219093337{margin-top: 100px !important;margin-bottom: 100px !important;}\u00bb][vc_row_inner][vc_column_inner][vc_custom_heading text=\u00bbEfectos en las aves de corral y cerdos\u00bb font_container=\u00bbtag:h2|font_size:35px|text_align:center\u00bb google_fonts=\u00bbfont_family:Raleway%3A100%2C200%2C300%2Cregular%2C500%2C600%2C700%2C800%2C900|font_style:300%20light%20regular%3A300%3Anormal\u00bb][vc_separator el_width=\u00bb50&#8243;][vc_empty_space][vc_column_text align=\u00bbcenter\u00bb]Aves Nutrafito (Quillaja saponaria) y [&hellip;]<\/p>\n","protected":false},"author":7,"featured_media":0,"parent":0,"menu_order":0,"comment_status":"open","ping_status":"closed","template":"","meta":{"rs_blank_template":"","rs_page_bg_color":"","slide_template_v7":"","footnotes":""},"class_list":["post-1380","page","type-page","status-publish","hentry"],"_links":{"self":[{"href":"https:\/\/desertking.com\/es\/wp-json\/wp\/v2\/pages\/1380","targetHints":{"allow":["GET"]}}],"collection":[{"href":"https:\/\/desertking.com\/es\/wp-json\/wp\/v2\/pages"}],"about":[{"href":"https:\/\/desertking.com\/es\/wp-json\/wp\/v2\/types\/page"}],"author":[{"embeddable":true,"href":"https:\/\/desertking.com\/es\/wp-json\/wp\/v2\/users\/7"}],"replies":[{"embeddable":true,"href":"https:\/\/desertking.com\/es\/wp-json\/wp\/v2\/comments?post=1380"}],"version-history":[{"count":0,"href":"https:\/\/desertking.com\/es\/wp-json\/wp\/v2\/pages\/1380\/revisions"}],"wp:attachment":[{"href":"https:\/\/desertking.com\/es\/wp-json\/wp\/v2\/media?parent=1380"}],"curies":[{"name":"wp","href":"https:\/\/api.w.org\/{rel}","templated":true}]}}