{"id":1379,"date":"2015-12-11T14:33:07","date_gmt":"2015-12-11T17:33:07","guid":{"rendered":"http:\/\/desertkingdev.wpenginepowered.com\/contact\/"},"modified":"2024-06-13T19:04:19","modified_gmt":"2024-06-13T22:04:19","slug":"contacto","status":"publish","type":"page","link":"https:\/\/desertking.com\/es\/contacto\/","title":{"rendered":"Contacto"},"content":{"rendered":"<div class=\"wpb-content-wrapper\">[vc_row][vc_column css=\u00bb.vc_custom_1441994579070{margin-top: 30px !important;margin-bottom: 30px !important;}\u00bb][vc_row_inner][vc_column_inner][vc_custom_heading text=\u00bbCon\u00e9ctate con nosotros\u00bb font_container=\u00bbtag:h2|font_size:30px|text_align:left\u00bb google_fonts=\u00bbfont_family:Raleway%3A100%2C200%2C300%2Cregular%2C500%2C600%2C700%2C800%2C900|font_style:400%20regular%3A400%3Anormal\u00bb][vc_separator align=\u00bbalign_left\u00bb border_width=\u00bb3&#8243; el_width=\u00bb50&#8243;][vc_column_text css=\u00bb.vc_custom_1718315943691{margin-bottom: 0px !important;}\u00bb]Nuestros expertos de Desert King estar\u00e1n encantados de ponerse en contacto contigo para responder a todas tus consultas.<\/p>\n<p>Por favor, completa el formulario y nos pondremos en contacto contigo en breve.[\/vc_column_text]\n<div class=\"wpcf7 no-js\" id=\"wpcf7-f2942-o1\" lang=\"en-US\" dir=\"ltr\" data-wpcf7-id=\"2942\">\n<div class=\"screen-reader-response\"><p role=\"status\" aria-live=\"polite\" aria-atomic=\"true\"><\/p> <ul><\/ul><\/div>\n<form action=\"\/es\/wp-json\/wp\/v2\/pages\/1379#wpcf7-f2942-o1\" method=\"post\" class=\"wpcf7-form init\" aria-label=\"Contact form\" novalidate=\"novalidate\" data-status=\"init\">\n<fieldset class=\"hidden-fields-container\"><input type=\"hidden\" name=\"_wpcf7\" value=\"2942\" \/><input type=\"hidden\" name=\"_wpcf7_version\" value=\"6.1.5\" \/><input type=\"hidden\" name=\"_wpcf7_locale\" value=\"en_US\" \/><input type=\"hidden\" name=\"_wpcf7_unit_tag\" value=\"wpcf7-f2942-o1\" \/><input type=\"hidden\" name=\"_wpcf7_container_post\" value=\"0\" \/><input type=\"hidden\" name=\"_wpcf7_posted_data_hash\" value=\"\" \/><input type=\"hidden\" name=\"_wpcf7_recaptcha_response\" value=\"\" \/>\n<\/fieldset>\n<div class=\"contact-form-container\" style=\"display: flex;\">\n\t<div class=\"left-column\" style=\"flex: 50%;\">\n\t\t<div style=\"display: flex;\">\n\t\t\t<div style=\"margin-right: 10px;\">\n\t\t\t\t<p><label> Nombre<br \/>\n<span class=\"wpcf7-form-control-wrap\" data-name=\"first-name\"><input size=\"40\" maxlength=\"400\" class=\"wpcf7-form-control wpcf7-text wpcf7-validates-as-required\" aria-required=\"true\" aria-invalid=\"false\" value=\"\" type=\"text\" name=\"first-name\" \/><\/span> <\/label>\n\t\t\t\t<\/p>\n\t\t\t<\/div>\n\t\t\t<div>\n\t\t\t\t<p><label> Apellido<br \/>\n<span class=\"wpcf7-form-control-wrap\" data-name=\"last-name\"><input size=\"40\" maxlength=\"400\" class=\"wpcf7-form-control wpcf7-text wpcf7-validates-as-required\" aria-required=\"true\" aria-invalid=\"false\" value=\"\" type=\"text\" name=\"last-name\" \/><\/span> <\/label>\n\t\t\t\t<\/p>\n\t\t\t<\/div>\n\t\t<\/div>\n\t\t<div style=\"display: flex; margin-top: 10px;\">\n\t\t\t<div style=\"margin-right: 10px;\">\n\t\t\t\t<p><label> Tel\u00e9fono<br \/>\n<span class=\"wpcf7-form-control-wrap\" data-name=\"mobile\"><input size=\"40\" maxlength=\"400\" class=\"wpcf7-form-control wpcf7-tel wpcf7-validates-as-required wpcf7-text wpcf7-validates-as-tel\" aria-required=\"true\" aria-invalid=\"false\" value=\"\" type=\"tel\" name=\"mobile\" \/><\/span> <\/label>\n\t\t\t\t<\/p>\n\t\t\t<\/div>\n\t\t\t<div>\n\t\t\t\t<p><label> Correo electr\u00f3nico<br \/>\n<span class=\"wpcf7-form-control-wrap\" data-name=\"email\"><input size=\"40\" maxlength=\"400\" class=\"wpcf7-form-control wpcf7-email wpcf7-validates-as-required wpcf7-text wpcf7-validates-as-email\" aria-required=\"true\" aria-invalid=\"false\" value=\"\" type=\"email\" name=\"email\" \/><\/span> <\/label>\n\t\t\t\t<\/p>\n\t\t\t<\/div>\n\t\t<\/div>\n\t\t<div style=\"margin-top: 10px;\">\n\t\t\t<p><label> \u00bfEn qu\u00e9 l\u00ednea de negocio est\u00e1s interesado?<br \/>\n<span class=\"wpcf7-form-control-wrap\" data-name=\"product-line\"><select class=\"wpcf7-form-control wpcf7-select wpcf7-validates-as-required\" aria-required=\"true\" aria-invalid=\"false\" name=\"product-line\"><option value=\"Por favor, elige una opci\u00f3n:\">Por favor, elige una opci\u00f3n:<\/option><option value=\"Farmac\u00e9utica\">Farmac\u00e9utica<\/option><option value=\"Nutrici\u00f3n y salud animal\">Nutrici\u00f3n y salud animal<\/option><option value=\"Alimentos y bebidas\">Alimentos y bebidas<\/option><option value=\"Cuidado personal y cosm\u00e9tica\">Cuidado personal y cosm\u00e9tica<\/option><option value=\"Agricultura\">Agricultura<\/option><option value=\"Miner\u00eda\">Miner\u00eda<\/option><option value=\"Otros\">Otros<\/option><\/select><\/span><br \/>\n<\/label>\n\t\t\t<\/p>\n\t\t<\/div>\n\t<\/div>\n\t<div class=\"right-column\" style=\"flex: 50%;\">\n\t\t<p><label> Mensaje<br \/>\n<span class=\"wpcf7-form-control-wrap\" data-name=\"message\"><textarea cols=\"40\" rows=\"10\" maxlength=\"2000\" class=\"wpcf7-form-control wpcf7-textarea wpcf7-validates-as-required\" aria-required=\"true\" aria-invalid=\"false\" name=\"message\"><\/textarea><\/span> <\/label><br \/>\n<label>\n\t\t\t<span class=\"wpcf7-form-control-wrap recaptcha\" data-name=\"recaptcha\"><span data-sitekey=\"6Ldqc_gpAAAAABtNb2skoj3skvDnafYtMAPQMqcH\" class=\"wpcf7-form-control wpcf7-recaptcha g-recaptcha\"><\/span>\r\n<noscript>\r\n\t<div class=\"grecaptcha-noscript\">\r\n\t\t<iframe loading=\"lazy\" src=\"https:\/\/www.google.com\/recaptcha\/api\/fallback?k=6Ldqc_gpAAAAABtNb2skoj3skvDnafYtMAPQMqcH\" frameborder=\"0\" scrolling=\"no\" width=\"310\" height=\"430\">\r\n\t\t<\/iframe>\r\n\t\t<textarea name=\"g-recaptcha-response\" rows=\"3\" cols=\"40\" placeholder=\"reCaptcha Response Here\">\r\n\t\t<\/textarea>\r\n\t<\/div>\r\n<\/noscript>\r\n<\/span><\/label>\n\t\t<\/p>\n\t<\/div>\n<\/div>\n<div class=\"footer-submit-btn\" style=\"text-align: center;margin-top: 15px;\">\n\t<p><input class=\"wpcf7-form-control wpcf7-submit has-spinner\" type=\"submit\" value=\"ENVIAR\" \/>\n\t<\/p>\n<\/div><div class=\"wpcf7-response-output\" aria-hidden=\"true\"><\/div>\n<\/form>\n<\/div>\n[\/vc_column_inner][\/vc_row_inner][\/vc_column][\/vc_row][vc_row fullwidth=\u00bbtrue\u00bb fullwidth_content=\u00bbfalse\u00bb disable_element=\u00bbyes\u00bb css=\u00bb.vc_custom_1647978743582{background-color: #f0f0f0 !important;}\u00bb][vc_column][vc_row_inner][vc_column_inner][vc_cta h2=\u00bb\u00bb txt_align=\u00bbcenter\u00bb shape=\u00bbsquare\u00bb style=\u00bbflat\u00bb add_icon=\u00bbleft\u00bb i_icon_fontawesome=\u00bbfa fa-exclamation-circle\u00bb i_color=\u00bbcustom\u00bb i_size=\u00bblg\u00bb i_custom_color=\u00bb#cccccc\u00bb]\n<p style=\"text-align: left;\"><strong><span style=\"color: #99cc00;\">Hemos sido notificados de los intentos de estafa en nombre de Desert King.<\/span><\/strong><br \/>\nPor favor, no dude en llamarnos o enviar un correo electr\u00f3nico a Desert King en caso de cualquier duda.<\/p>\n[\/vc_cta][\/vc_column_inner][\/vc_row_inner][\/vc_column][\/vc_row]\n<\/div>","protected":false},"excerpt":{"rendered":"<p>[vc_row][vc_column css=\u00bb.vc_custom_1441994579070{margin-top: 30px !important;margin-bottom: 30px !important;}\u00bb][vc_row_inner][vc_column_inner][vc_custom_heading text=\u00bbCon\u00e9ctate con nosotros\u00bb font_container=\u00bbtag:h2|font_size:30px|text_align:left\u00bb google_fonts=\u00bbfont_family:Raleway%3A100%2C200%2C300%2Cregular%2C500%2C600%2C700%2C800%2C900|font_style:400%20regular%3A400%3Anormal\u00bb][vc_separator align=\u00bbalign_left\u00bb border_width=\u00bb3&#8243; el_width=\u00bb50&#8243;][vc_column_text css=\u00bb.vc_custom_1718315943691{margin-bottom: 0px !important;}\u00bb]Nuestros expertos de Desert King estar\u00e1n encantados de ponerse en contacto contigo para responder a todas tus consultas. Por favor, completa el formulario y nos pondremos en contacto contigo en breve.[\/vc_column_text][\/vc_column_inner][\/vc_row_inner][\/vc_column][\/vc_row][vc_row fullwidth=\u00bbtrue\u00bb fullwidth_content=\u00bbfalse\u00bb disable_element=\u00bbyes\u00bb css=\u00bb.vc_custom_1647978743582{background-color: #f0f0f0 !important;}\u00bb][vc_column][vc_row_inner][vc_column_inner][vc_cta h2=\u00bb\u00bb txt_align=\u00bbcenter\u00bb [&hellip;]<\/p>\n","protected":false},"author":7,"featured_media":0,"parent":0,"menu_order":0,"comment_status":"open","ping_status":"open","template":"","meta":{"rs_blank_template":"","rs_page_bg_color":"","slide_template_v7":"","footnotes":""},"class_list":["post-1379","page","type-page","status-publish","hentry"],"_links":{"self":[{"href":"https:\/\/desertking.com\/es\/wp-json\/wp\/v2\/pages\/1379","targetHints":{"allow":["GET"]}}],"collection":[{"href":"https:\/\/desertking.com\/es\/wp-json\/wp\/v2\/pages"}],"about":[{"href":"https:\/\/desertking.com\/es\/wp-json\/wp\/v2\/types\/page"}],"author":[{"embeddable":true,"href":"https:\/\/desertking.com\/es\/wp-json\/wp\/v2\/users\/7"}],"replies":[{"embeddable":true,"href":"https:\/\/desertking.com\/es\/wp-json\/wp\/v2\/comments?post=1379"}],"version-history":[{"count":0,"href":"https:\/\/desertking.com\/es\/wp-json\/wp\/v2\/pages\/1379\/revisions"}],"wp:attachment":[{"href":"https:\/\/desertking.com\/es\/wp-json\/wp\/v2\/media?parent=1379"}],"curies":[{"name":"wp","href":"https:\/\/api.w.org\/{rel}","templated":true}]}}