{"id":1377,"date":"2015-09-11T14:33:32","date_gmt":"2015-09-11T14:33:32","guid":{"rendered":"http:\/\/desertkingdev.wpenginepowered.com\/yucca-management\/"},"modified":"2022-03-22T16:51:13","modified_gmt":"2022-03-22T19:51:13","slug":"administracion-de-materias-primas-yucca","status":"publish","type":"page","link":"https:\/\/desertking.com\/es\/administracion-de-materias-primas-yucca\/","title":{"rendered":"Administraci\u00f3n de Materias Primas: Yucca"},"content":{"rendered":"<div class=\"wpb-content-wrapper\">[mk_page_section bg_image=\u00bbhttps:\/\/desertking.com\/wp-content\/uploads\/2015\/09\/yucca-desert.jpg\u00bb bg_position=\u00bbcenter bottom\u00bb bg_repeat=\u00bbno-repeat\u00bb bg_stretch=\u00bbtrue\u00bb enable_3d=\u00bbtrue\u00bb speed_factor=\u00bb-0.1&#8243; sidebar=\u00bbsidebar-1&#8243;][vc_column][vc_row_inner][vc_column_inner][vc_empty_space height=\u00bb200px\u00bb][vc_custom_heading text=\u00bbGesti\u00f3n de materias primas: La Yucca\u00bb font_container=\u00bbtag:h2|font_size:50px|text_align:center|color:%23ffffff\u00bb google_fonts=\u00bbfont_family:Raleway%3A100%2C200%2C300%2Cregular%2C500%2C600%2C700%2C800%2C900|font_style:300%20light%20regular%3A300%3Anormal\u00bb][vc_separator color=\u00bbwhite\u00bb el_width=\u00bb50&#8243;][vc_empty_space height=\u00bb50px\u00bb][vc_column_text align=\u00bbcenter\u00bb]<span style=\"color: #ffffff; font-size: 20px;\"> <em>Yucca schidigera<\/em> es una planta nativa de los desiertos de Baja California y Sonora M\u00e9xico, rica en saponinas naturales que son responsables de sus usos como agentes espumantes, humectantes y dispersantes.<br \/>\nSomos el principal proveedor de productos de Yucca y somos capaces de satisfacer la creciente necesidad de los productos de Yucca schidigera de la m\u00e1s alta calidad. <\/span>[\/vc_column_text][vc_empty_space height=\u00bb100px\u00bb][\/vc_column_inner][\/vc_row_inner][\/vc_column][\/mk_page_section][vc_row][vc_column css=\u00bb.vc_custom_1442210787546{margin-top: 100px !important;margin-bottom: 100px !important;}\u00bb][vc_row_inner][vc_column_inner][vc_custom_heading text=\u00bbSelecci\u00f3n de materia prima\u00bb font_container=\u00bbtag:h2|font_size:35px|text_align:left\u00bb google_fonts=\u00bbfont_family:Raleway%3A100%2C200%2C300%2Cregular%2C500%2C600%2C700%2C800%2C900|font_style:300%20light%20regular%3A300%3Anormal\u00bb][vc_empty_space][vc_separator align=\u00bbalign_left\u00bb el_width=\u00bb50&#8243;][\/vc_column_inner][\/vc_row_inner][vc_row_inner][vc_column_inner width=\u00bb2\/3&#8243;][vc_empty_space][vc_column_text]Una vez que un sector de plantas de yuca se identifica para la cosecha, Desert King trabaja no m\u00e1s del 50% de los espec\u00edmenes. Este proceso implica contar, medir y etiquetar con GPS a todos los individuos dentro de un \u00e1rea de 1000 metros cuadrados para desarrollar un Informe de Impacto Ambiental. Toda la materia prima actual se obtiene de la cosecha silvestre, sin embargo, Desert King ha desarrollado plantaciones experimentales de yuca para asegurar un suministro renovable y continuo en los pr\u00f3ximos a\u00f1os.[\/vc_column_text][\/vc_column_inner][vc_column_inner width=\u00bb1\/3&#8243;][vc_column_text]<img loading=\"lazy\" decoding=\"async\" class=\"aligncenter wp-image-1043 size-thumbnail\" src=\"https:\/\/desertking.com\/wp-content\/uploads\/2015\/09\/50-150x150.png\" alt=\"50\" width=\"150\" height=\"150\" srcset=\"https:\/\/desertking.com\/wp-content\/uploads\/2015\/09\/50-150x150.png 150w, https:\/\/desertking.com\/wp-content\/uploads\/2015\/09\/50-300x300.png 300w, https:\/\/desertking.com\/wp-content\/uploads\/2015\/09\/50-1024x1024.png 1024w, https:\/\/desertking.com\/wp-content\/uploads\/2015\/09\/50-60x60.png 60w, https:\/\/desertking.com\/wp-content\/uploads\/2015\/09\/50.png 245w\" sizes=\"auto, (max-width: 150px) 100vw, 150px\" \/><\/p>\n<p style=\"text-align: center; font-size: 12px;\">Desert King cosecha no m\u00e1s del 50% de los espec\u00edmenes cosechables.<\/p>\n[\/vc_column_text][\/vc_column_inner][\/vc_row_inner][\/vc_column][\/vc_row][mk_page_section bg_image=\u00bbhttps:\/\/desertking.com\/wp-content\/uploads\/2015\/09\/Banner-Yucca-Schidigera1-e1442336930486.jpg\u00bb bg_repeat=\u00bbno-repeat\u00bb bg_stretch=\u00bbtrue\u00bb enable_3d=\u00bbtrue\u00bb speed_factor=\u00bb-0.3&#8243; sidebar=\u00bbsidebar-1&#8243;][vc_column][vc_row_inner][vc_column_inner width=\u00bb1\/2&#8243;][\/vc_column_inner][vc_column_inner width=\u00bb1\/2&#8243; css=\u00bb.vc_custom_1442336667726{margin-top: 100px !important;margin-bottom: 100px !important;}\u00bb][vc_custom_heading text=\u00bbT\u00e9cnicas de Cosecha Responsables\u00bb font_container=\u00bbtag:h2|font_size:40px|text_align:right|color:%23ffffff\u00bb google_fonts=\u00bbfont_family:Raleway%3A100%2C200%2C300%2Cregular%2C500%2C600%2C700%2C800%2C900|font_style:300%20light%20regular%3A300%3Anormal\u00bb][vc_empty_space][vc_column_text align=\u00bbright\u00bb]<span style=\"color: #ffffff;\">Desert King International, conjuntamente con su afiliado Desert King M\u00e9xico, sigue todas las reglas y regulaciones establecidas por el Departamento Forestal Mexicano para asegurar que la tasa de extracci\u00f3n de Yuca no sea mayor que la tasa de recuperaci\u00f3n natural de la planta.<br \/>\n<\/span>[\/vc_column_text][\/vc_column_inner][\/vc_row_inner][\/vc_column][\/mk_page_section][vc_row][vc_column css=\u00bb.vc_custom_1442337295791{margin-top: 100px !important;margin-bottom: 50px !important;}\u00bb][vc_row_inner][vc_column_inner][vc_custom_heading text=\u00bbNormas estrictas de madurez\u00bb font_container=\u00bbtag:h2|font_size:35px|text_align:center\u00bb google_fonts=\u00bbfont_family:Raleway%3A100%2C200%2C300%2Cregular%2C500%2C600%2C700%2C800%2C900|font_style:300%20light%20regular%3A300%3Anormal\u00bb][vc_empty_space][vc_separator el_width=\u00bb50&#8243;][vc_empty_space][vc_column_text align=\u00bbcenter\u00bb]Todos los ejemplares de Yucca deben cumplir estrictos est\u00e1ndares de madurez, esto incluye estar libre de hojas verdes en m\u00e1s del 80% de la altura de la planta.<br \/>\nDKI est\u00e1 al tanto de todos los asuntos legales relacionadas con la cosecha de Y<em>ucca Schidigera<\/em> y sigue estrictos planes de manejo forestal trabajando, mano a mano, con los propietarios de tierras comunales.[\/vc_column_text][vc_single_image image=\u00bb337&#8243; img_size=\u00bbfull\u00bb alignment=\u00bbcenter\u00bb][\/vc_column_inner][\/vc_row_inner][\/vc_column][\/vc_row]\n<\/div>","protected":false},"excerpt":{"rendered":"<p>[mk_page_section bg_image=\u00bbhttps:\/\/desertking.com\/wp-content\/uploads\/2015\/09\/yucca-desert.jpg\u00bb bg_position=\u00bbcenter bottom\u00bb bg_repeat=\u00bbno-repeat\u00bb bg_stretch=\u00bbtrue\u00bb enable_3d=\u00bbtrue\u00bb speed_factor=\u00bb-0.1&#8243; sidebar=\u00bbsidebar-1&#8243;][vc_column][vc_row_inner][vc_column_inner][vc_empty_space height=\u00bb200px\u00bb][vc_custom_heading text=\u00bbGesti\u00f3n de materias primas: La Yucca\u00bb font_container=\u00bbtag:h2|font_size:50px|text_align:center|color:%23ffffff\u00bb google_fonts=\u00bbfont_family:Raleway%3A100%2C200%2C300%2Cregular%2C500%2C600%2C700%2C800%2C900|font_style:300%20light%20regular%3A300%3Anormal\u00bb][vc_separator color=\u00bbwhite\u00bb el_width=\u00bb50&#8243;][vc_empty_space height=\u00bb50px\u00bb][vc_column_text align=\u00bbcenter\u00bb] Yucca schidigera es una planta nativa de los desiertos de Baja California y Sonora M\u00e9xico, rica en saponinas naturales que son responsables de sus usos como agentes espumantes, humectantes y dispersantes. Somos el [&hellip;]<\/p>\n","protected":false},"author":7,"featured_media":0,"parent":0,"menu_order":0,"comment_status":"open","ping_status":"open","template":"","meta":{"rs_blank_template":"","rs_page_bg_color":"","slide_template_v7":"","footnotes":""},"class_list":["post-1377","page","type-page","status-publish","hentry"],"_links":{"self":[{"href":"https:\/\/desertking.com\/es\/wp-json\/wp\/v2\/pages\/1377","targetHints":{"allow":["GET"]}}],"collection":[{"href":"https:\/\/desertking.com\/es\/wp-json\/wp\/v2\/pages"}],"about":[{"href":"https:\/\/desertking.com\/es\/wp-json\/wp\/v2\/types\/page"}],"author":[{"embeddable":true,"href":"https:\/\/desertking.com\/es\/wp-json\/wp\/v2\/users\/7"}],"replies":[{"embeddable":true,"href":"https:\/\/desertking.com\/es\/wp-json\/wp\/v2\/comments?post=1377"}],"version-history":[{"count":0,"href":"https:\/\/desertking.com\/es\/wp-json\/wp\/v2\/pages\/1377\/revisions"}],"wp:attachment":[{"href":"https:\/\/desertking.com\/es\/wp-json\/wp\/v2\/media?parent=1377"}],"curies":[{"name":"wp","href":"https:\/\/api.w.org\/{rel}","templated":true}]}}