{"id":1376,"date":"2015-09-11T14:33:32","date_gmt":"2015-09-11T17:33:32","guid":{"rendered":"http:\/\/desertkingdev.wpenginepowered.com\/agriculture\/"},"modified":"2023-02-09T13:44:53","modified_gmt":"2023-02-09T16:44:53","slug":"agricultura","status":"publish","type":"page","link":"https:\/\/desertking.com\/es\/agricultura\/","title":{"rendered":"Agricultura"},"content":{"rendered":"<div class=\"wpb-content-wrapper\">[mk_page_section bg_image=\u00bbhttps:\/\/desertking.com\/wp-content\/uploads\/2015\/09\/Banner-Agriculture.jpg\u00bb bg_position=\u00bbcenter bottom\u00bb bg_repeat=\u00bbno-repeat\u00bb bg_stretch=\u00bbtrue\u00bb enable_3d=\u00bbtrue\u00bb speed_factor=\u00bb-0.3&#8243; sidebar=\u00bbsidebar-1&#8243;][vc_column][vc_row_inner][vc_column_inner][vc_empty_space height=\u00bb250px\u00bb][vc_custom_heading text=\u00bbAplicaciones agr\u00edcolas\u00bb font_container=\u00bbtag:h2|font_size:50px|text_align:center|color:%23ffffff\u00bb google_fonts=\u00bbfont_family:Raleway%3A100%2C200%2C300%2Cregular%2C500%2C600%2C700%2C800%2C900|font_style:300%20light%20regular%3A300%3Anormal\u00bb][vc_separator color=\u00bbwhite\u00bb el_width=\u00bb50&#8243;][vc_empty_space height=\u00bb50px\u00bb][vc_column_text align=\u00bbcenter\u00bb]<span style=\"color: #ffffff; font-size: 20px;\"> Natural Nematicide | Fungicida | Agente Humectante | Bioestimulante<\/span>[\/vc_column_text][vc_empty_space height=\u00bb200px\u00bb][\/vc_column_inner][\/vc_row_inner][\/vc_column][\/mk_page_section][vc_row][vc_column][vc_row_inner][vc_column_inner css=\u00bb.vc_custom_1442345539446{margin-top: 100px !important;margin-bottom: 100px !important;}\u00bb][vc_single_image image=\u00bb449&#8243; img_size=\u00bbfull\u00bb alignment=\u00bbcenter\u00bb][vc_custom_heading text=\u00bbTratamiento Natural de Cultivos\u00bb font_container=\u00bbtag:h2|font_size:35px|text_align:center\u00bb google_fonts=\u00bbfont_family:Raleway%3A100%2C200%2C300%2Cregular%2C500%2C600%2C700%2C800%2C900|font_style:300%20light%20regular%3A300%3Anormal\u00bb][vc_separator el_width=\u00bb50&#8243;][vc_empty_space][vc_column_text align=\u00bbcenter\u00bb]En 1994 esta misma tecnolog\u00eda de procesamiento de grado alimenticio se aplic\u00f3 a la industria agr\u00edcola para generar productos de Yucca m\u00e1s puros y m\u00e1s rentables.<br \/>\nEn 2001, Desert King ampli\u00f3 su l\u00ednea de productos agr\u00edcolas para incluir los productos de Quillaja saponaria. Se gener\u00f3 entonces, un nuevo producto de tratamiento de cosechas 100% natural y rentable con cualidades \u00fanicas.<br \/>\nPara poder producir ingredientes agr\u00edcolas funcionales \u00fanicos, es obligatorio un compromiso total con el aseguramiento de la calidad.[\/vc_column_text][\/vc_column_inner][\/vc_row_inner][\/vc_column][\/vc_row][mk_page_section bg_image=\u00bbhttps:\/\/desertking.com\/wp-content\/uploads\/2015\/09\/Natural-Nematicide-2.jpg\u00bb bg_position=\u00bbleft center\u00bb bg_repeat=\u00bbno-repeat\u00bb bg_stretch=\u00bbtrue\u00bb enable_3d=\u00bbtrue\u00bb speed_factor=\u00bb-0.1&#8243; sidebar=\u00bbsidebar-1&#8243;][vc_column css=\u00bb.vc_custom_1442345553990{margin-top: 100px !important;margin-bottom: 100px !important;}\u00bb][vc_row_inner][vc_column_inner width=\u00bb1\/2&#8243;][\/vc_column_inner][vc_column_inner width=\u00bb1\/2&#8243;][vc_custom_heading text=\u00bbNematicida y Fungicida Natural\u00bb font_container=\u00bbtag:h2|font_size:35px|text_align:right|color:%23000000&#8243; google_fonts=\u00bbfont_family:Raleway%3A100%2C200%2C300%2Cregular%2C500%2C600%2C700%2C800%2C900|font_style:300%20light%20regular%3A300%3Anormal\u00bb][vc_empty_space][vc_column_text align=\u00bbright\u00bb]<span style=\"color: #000000;\">Nuestros productos pueden controlar nematodos parasitarios de plantas (Meloidogyne eg.) En vi\u00f1edos y c\u00edtricos, similares a los obtenidos con productos qu\u00edmicos (por ejemplo, fenamifos-NEMACUR, Bayer, Etoprofos- MOCAP, Rh\u00f4ne Poulenc).<\/span><br \/>\n<span style=\"color: #000000;\">La adici\u00f3n de nuestro producto Quillaja saponaria en combinaci\u00f3n con otros productos naturales como el aldeh\u00eddo cin\u00e1mico, proporciona un buen control de plagas de hongos, insectos, ara\u00f1as, \u00e1fidos, etc. Tambi\u00e9n puede usarse en combinaci\u00f3n con oleoresina capsicum (piment\u00f3n) en pinturas polim\u00e9ricas para prevenir y minimizar la presencia de insectos, moluscos y crust\u00e1ceos. En combinaci\u00f3n con extracto de yuca, tiene muy buena actividad contra caracoles.<\/span>[\/vc_column_text][\/vc_column_inner][\/vc_row_inner][\/vc_column][\/mk_page_section][vc_row][vc_column][vc_row_inner][vc_column_inner css=\u00bb.vc_custom_1442345539446{margin-top: 100px !important;margin-bottom: 100px !important;}\u00bb][vc_custom_heading text=\u00bbGama Productos para la Agricultura\u00bb font_container=\u00bbtag:h2|font_size:35px|text_align:center\u00bb google_fonts=\u00bbfont_family:Raleway%3A100%2C200%2C300%2Cregular%2C500%2C600%2C700%2C800%2C900|font_style:300%20light%20regular%3A300%3Anormal\u00bb][vc_separator el_width=\u00bb50&#8243;][vc_empty_space][mk_tab_slider order=\u00bbASC\u00bb orderby=\u00bbmenu_order\u00bb tabs=\u00bb997,999&#8243;][\/vc_column_inner][\/vc_row_inner][\/vc_column][\/vc_row][vc_row][vc_column][vc_column_text align=\u00bbcenter\u00bb]<strong>Si necesita m\u00e1s informaci\u00f3n, p\u00f3ngase en contacto con alguno de nuestros especialistas:<\/strong>[\/vc_column_text][vc_row_inner][vc_column_inner width=\u00bb1\/4&#8243;][\/vc_column_inner][vc_column_inner width=\u00bb1\/4&#8243;][vc_empty_space height=\u00bb25px\u00bb][mk_circle_image src=\u00bbhttps:\/\/desertking.com\/wp-content\/uploads\/2023\/02\/kc-scaled-e1675712280715.jpg\u00bb image_diameter=\u00bb200&#8243;][vc_empty_space height=\u00bb35px\u00bb][vc_column_text]\n<p style=\"text-align: center;\"><strong>Karen Cresp<br \/>\n<\/strong>en Ingl\u00e9s o Espa\u00f1ol<br \/>\n<a href=\"mailto:kcresp@desertking.cl\" target=\"_blank\" rel=\"noopener\">kcresp@desertking.cl<\/a><\/p>\n[\/vc_column_text][\/vc_column_inner][vc_column_inner width=\u00bb1\/4&#8243;][vc_empty_space height=\u00bb25px\u00bb][mk_circle_image src=\u00bbhttps:\/\/desertking.com\/wp-content\/uploads\/2015\/09\/Rodrigo-Otero.jpg\u00bb image_diameter=\u00bb200&#8243;][vc_empty_space height=\u00bb35px\u00bb][vc_column_text]\n<p style=\"text-align: center;\"><strong>Rodrigo Otero<\/strong><br \/>\nen Ingl\u00e9s o Espa\u00f1ol<br \/>\n<a href=\"mailto:rotero@desertking.com\">rotero@desertking.com<\/a><\/p>\n[\/vc_column_text][\/vc_column_inner][vc_column_inner width=\u00bb1\/4&#8243;][\/vc_column_inner][\/vc_row_inner][\/vc_column][\/vc_row]\n<\/div>","protected":false},"excerpt":{"rendered":"<p>[mk_page_section bg_image=\u00bbhttps:\/\/desertking.com\/wp-content\/uploads\/2015\/09\/Banner-Agriculture.jpg\u00bb bg_position=\u00bbcenter bottom\u00bb bg_repeat=\u00bbno-repeat\u00bb bg_stretch=\u00bbtrue\u00bb enable_3d=\u00bbtrue\u00bb speed_factor=\u00bb-0.3&#8243; sidebar=\u00bbsidebar-1&#8243;][vc_column][vc_row_inner][vc_column_inner][vc_empty_space height=\u00bb250px\u00bb][vc_custom_heading text=\u00bbAplicaciones agr\u00edcolas\u00bb font_container=\u00bbtag:h2|font_size:50px|text_align:center|color:%23ffffff\u00bb google_fonts=\u00bbfont_family:Raleway%3A100%2C200%2C300%2Cregular%2C500%2C600%2C700%2C800%2C900|font_style:300%20light%20regular%3A300%3Anormal\u00bb][vc_separator color=\u00bbwhite\u00bb el_width=\u00bb50&#8243;][vc_empty_space height=\u00bb50px\u00bb][vc_column_text align=\u00bbcenter\u00bb] Natural Nematicide | Fungicida | Agente Humectante | Bioestimulante[\/vc_column_text][vc_empty_space height=\u00bb200px\u00bb][\/vc_column_inner][\/vc_row_inner][\/vc_column][\/mk_page_section][vc_row][vc_column][vc_row_inner][vc_column_inner css=\u00bb.vc_custom_1442345539446{margin-top: 100px !important;margin-bottom: 100px !important;}\u00bb][vc_single_image image=\u00bb449&#8243; img_size=\u00bbfull\u00bb alignment=\u00bbcenter\u00bb][vc_custom_heading text=\u00bbTratamiento Natural de Cultivos\u00bb font_container=\u00bbtag:h2|font_size:35px|text_align:center\u00bb google_fonts=\u00bbfont_family:Raleway%3A100%2C200%2C300%2Cregular%2C500%2C600%2C700%2C800%2C900|font_style:300%20light%20regular%3A300%3Anormal\u00bb][vc_separator el_width=\u00bb50&#8243;][vc_empty_space][vc_column_text align=\u00bbcenter\u00bb]En 1994 esta misma tecnolog\u00eda de procesamiento de grado alimenticio se aplic\u00f3 [&hellip;]<\/p>\n","protected":false},"author":7,"featured_media":0,"parent":0,"menu_order":0,"comment_status":"open","ping_status":"open","template":"","meta":{"rs_blank_template":"","rs_page_bg_color":"","slide_template_v7":"","footnotes":""},"class_list":["post-1376","page","type-page","status-publish","hentry"],"_links":{"self":[{"href":"https:\/\/desertking.com\/es\/wp-json\/wp\/v2\/pages\/1376","targetHints":{"allow":["GET"]}}],"collection":[{"href":"https:\/\/desertking.com\/es\/wp-json\/wp\/v2\/pages"}],"about":[{"href":"https:\/\/desertking.com\/es\/wp-json\/wp\/v2\/types\/page"}],"author":[{"embeddable":true,"href":"https:\/\/desertking.com\/es\/wp-json\/wp\/v2\/users\/7"}],"replies":[{"embeddable":true,"href":"https:\/\/desertking.com\/es\/wp-json\/wp\/v2\/comments?post=1376"}],"version-history":[{"count":0,"href":"https:\/\/desertking.com\/es\/wp-json\/wp\/v2\/pages\/1376\/revisions"}],"wp:attachment":[{"href":"https:\/\/desertking.com\/es\/wp-json\/wp\/v2\/media?parent=1376"}],"curies":[{"name":"wp","href":"https:\/\/api.w.org\/{rel}","templated":true}]}}