{"id":1350,"date":"2015-10-08T21:37:38","date_gmt":"2015-10-08T21:37:38","guid":{"rendered":"http:\/\/desertkingdev.wpenginepowered.com\/jojoba-management\/"},"modified":"2025-05-19T10:58:35","modified_gmt":"2025-05-19T13:58:35","slug":"gestion-de-materias-primas-jojoba","status":"publish","type":"page","link":"https:\/\/desertking.com\/es\/gestion-de-materias-primas-jojoba\/","title":{"rendered":"Administraci\u00f3n de Materias Primas: Jojoba"},"content":{"rendered":"<div class=\"wpb-content-wrapper\">[mk_page_section bg_image=\u00bbhttps:\/\/desertking.com\/wp-content\/uploads\/2015\/10\/banner-jojoba-management.jpg\u00bb bg_position=\u00bbcenter bottom\u00bb bg_repeat=\u00bbno-repeat\u00bb bg_stretch=\u00bbtrue\u00bb enable_3d=\u00bbtrue\u00bb speed_factor=\u00bb-0.1&#8243; sidebar=\u00bbsidebar-1&#8243;][vc_column][vc_row_inner][vc_column_inner][vc_empty_space height=\u00bb200px\u00bb][vc_custom_heading text=\u00bbGesti\u00f3n de materias primas: Jojoba\u00bb font_container=\u00bbtag:h2|font_size:50px|text_align:center|color:%23ffffff\u00bb google_fonts=\u00bbfont_family:Raleway%3A100%2C200%2C300%2Cregular%2C500%2C600%2C700%2C800%2C900|font_style:300%20light%20regular%3A300%3Anormal\u00bb][vc_separator color=\u00bbwhite\u00bb el_width=\u00bb50&#8243;][vc_empty_space height=\u00bb50px\u00bb][vc_column_text align=\u00bbcenter\u00bb]\n<p style=\"text-align: justify;\"><span style=\"color: #ffffff; font-size: 20px;\"> Desert King fue el pionero en la producci\u00f3n de aceite de jojoba en los Estados Unidos en los a\u00f1os 70 y seguimos siendo un jugador importante en Norteam\u00e9rica. Nuestro producto de jojoba m\u00e1s importante es el aceite de semillas <em>Simmondsia Chinensis<\/em> puro 100% natural, libre de herbicidas, pesticidas y fungicidas. Las plantaciones, el procesamiento y ciertos productos est\u00e1n certificados como org\u00e1nicos de acuerdo con las normas de EE.UU. (NOP), Uni\u00f3n Europea (IFOAM) y Jap\u00f3n (JAS).<br \/>\nTodo el aceite de Jojoba es prensado en fr\u00edo y luego filtrado. Despu\u00e9s de m\u00e1s de 30 a\u00f1os en el negocio de jojoba, Desert King se ha consolidado como una marca reconocida por su alto nivel de atenci\u00f3n a la calidad.<br \/>\n<\/span><\/p>\n[\/vc_column_text][vc_empty_space height=\u00bb100px\u00bb][\/vc_column_inner][\/vc_row_inner][\/vc_column][\/mk_page_section][vc_row][vc_column css=\u00bb.vc_custom_1442209766351{margin-top: 100px !important;margin-bottom: 100px !important;}\u00bb][vc_video link=\u00bbhttps:\/\/youtu.be\/AO6kBVcQNzM?feature=shared\u00bb][vc_empty_space height=\u00bb60px\u00bb][vc_custom_heading text=\u00bbHistoria\u00bb font_container=\u00bbtag:h2|font_size:35px|text_align:center|color:%23000000&#8243; google_fonts=\u00bbfont_family:Raleway%3A100%2C200%2C300%2Cregular%2C500%2C600%2C700%2C800%2C900|font_style:300%20light%20regular%3A300%3Anormal\u00bb][vc_empty_space][vc_separator el_width=\u00bb50&#8243;][vc_empty_space][vc_column_text align=\u00bbcenter\u00bb]La planta de Jojoba (Simmondsia chinensis) es un arbusto de hoja perenne originalmente encontrado en el clima extremo del suroeste de Estados Unidos y M\u00e9xico. Los indios nativos del desierto de Sonora tradicionalmente lo usaban con fines medicinales. La comida obtenida de moler sus semillas se aplicar\u00eda sobre rasgu\u00f1os y cortes abiertos con el fin de acelerar la curaci\u00f3n y reducir el miedo.\u2028\u2028 Los arbustos de Jojoba, que crecen silvestres en la zona de origen, pueden vivir hasta 100 a\u00f1os y crecer hasta tres metros de altura. Las plantas no son venenosas y pueden resistir la sequ\u00eda. Crecen en suelos pobres en nutrientes, requieren poca agua y son resistentes a las sales.[\/vc_column_text][\/vc_column][\/vc_row][mk_page_section bg_image=\u00bbhttps:\/\/desertking.com\/wp-content\/uploads\/2017\/06\/Jojoba-1.jpg\u00bb bg_repeat=\u00bbno-repeat\u00bb enable_3d=\u00bbtrue\u00bb speed_factor=\u00bb-0.1&#8243; padding_bottom=\u00bb0&#8243; sidebar=\u00bbsidebar-1&#8243;][vc_column][vc_row_inner css=\u00bb.vc_custom_1498590660502{margin-top: 50px !important;margin-bottom: 0px !important;border-bottom-width: 0px !important;padding-top: 0px !important;padding-right: 0px !important;padding-bottom: 0px !important;padding-left: 0px !important;}\u00bb][vc_column_inner][vc_custom_heading text=\u00bbResponsable de Prevenir la P\u00e9rdida de Tierras y la Gesti\u00f3n del Agua Sensible\u00bb font_container=\u00bbtag:h2|font_size:35px|text_align:center|color:%23ffffff\u00bb google_fonts=\u00bbfont_family:Raleway%3A100%2C200%2C300%2Cregular%2C500%2C600%2C700%2C800%2C900|font_style:300%20light%20regular%3A300%3Anormal\u00bb][\/vc_column_inner][\/vc_row_inner][vc_row_inner][vc_column_inner width=\u00bb1\/6&#8243;][\/vc_column_inner][vc_column_inner width=\u00bb2\/3&#8243;][vc_video max_width=\u00bb714&#8243; link=\u00bbhttps:\/\/youtu.be\/p4vluWHyCG4&#8243;][\/vc_column_inner][vc_column_inner width=\u00bb1\/6&#8243;][\/vc_column_inner][\/vc_row_inner][vc_row_inner][vc_column_inner][vc_column_text align=\u00bbcenter\u00bb]\n<p style=\"text-align: center;\"><span style=\"color: #ffffff;\"> La mayor parte de la jojoba de Desert King proviene de plantaciones peruanas situadas en un \u00e1rea que alguna vez fue formada por dunas de arena. Estos eran ecosistemas de especies pobres, solamente sobrevivieron ciertas plantas. No hab\u00eda bosques, ni arbustos, s\u00f3lo arena. Casi no se encontraron plantas, s\u00f3lo algunos animales. La jojoba no es nativa del Per\u00fa, pero se adapta muy bien a las regiones semi\u00e1ridas. Desarrolla ra\u00edces largas que est\u00e1n profundamente incrustadas en el suelo. Por lo tanto, los setos de jojoba act\u00faan como rompevientos, evitando la erosi\u00f3n del viento y deteniendo la arena. Tambi\u00e9n evita la desertificaci\u00f3n de las \u00e1reas adyacentes, es decir, la re-vegetaci\u00f3n del desierto. Esto se ha hecho de una manera muy responsable porque la planta de jojoba est\u00e1 adaptada para vivir en climas comparables y en este caso, se necesita menos riego. <\/span><\/p>\n[\/vc_column_text][vc_empty_space][\/vc_column_inner][\/vc_row_inner][\/vc_column][\/mk_page_section][vc_row][vc_column css=\u00bb.vc_custom_1442335599840{margin-top: 100px !important;margin-bottom: 50px !important;}\u00bb][vc_row_inner][vc_column_inner][vc_custom_heading text=\u00bbPropiedades de la Jojoba\u00bb font_container=\u00bbtag:h2|font_size:40px|text_align:center\u00bb google_fonts=\u00bbfont_family:Raleway%3A100%2C200%2C300%2Cregular%2C500%2C600%2C700%2C800%2C900|font_style:300%20light%20regular%3A300%3Anormal\u00bb][vc_empty_space][vc_separator el_width=\u00bb50&#8243;][vc_empty_space][vc_column_text align=\u00bbcenter\u00bb]Para sobrevivir a las condiciones secas y ventosas del desierto de Sonora, la planta de jojoba ha desarrollado un sistema perfecto para protegerse de la deshidrataci\u00f3n. Sus hojas y semillas producen esteres de cera que resisten la oxidaci\u00f3n y almacenan la humedad sin ser oclusivas. Estas excelentes propiedades suavizantes e hidratantes, junto con su estabilidad oxidativa, han hecho de la jojoba uno de los mejores ingredientes lip\u00eddicos utilizados en la industria cosm\u00e9tica en la actualidad.[\/vc_column_text][vc_single_image image=\u00bb642&#8243; img_size=\u00bbfull\u00bb alignment=\u00bbcenter\u00bb][\/vc_column_inner][\/vc_row_inner][\/vc_column][\/vc_row]\n<\/div>","protected":false},"excerpt":{"rendered":"<p>[mk_page_section bg_image=\u00bbhttps:\/\/desertking.com\/wp-content\/uploads\/2015\/10\/banner-jojoba-management.jpg\u00bb bg_position=\u00bbcenter bottom\u00bb bg_repeat=\u00bbno-repeat\u00bb bg_stretch=\u00bbtrue\u00bb enable_3d=\u00bbtrue\u00bb speed_factor=\u00bb-0.1&#8243; sidebar=\u00bbsidebar-1&#8243;][vc_column][vc_row_inner][vc_column_inner][vc_empty_space height=\u00bb200px\u00bb][vc_custom_heading text=\u00bbGesti\u00f3n de materias primas: Jojoba\u00bb font_container=\u00bbtag:h2|font_size:50px|text_align:center|color:%23ffffff\u00bb google_fonts=\u00bbfont_family:Raleway%3A100%2C200%2C300%2Cregular%2C500%2C600%2C700%2C800%2C900|font_style:300%20light%20regular%3A300%3Anormal\u00bb][vc_separator color=\u00bbwhite\u00bb el_width=\u00bb50&#8243;][vc_empty_space height=\u00bb50px\u00bb][vc_column_text align=\u00bbcenter\u00bb] Desert King fue el pionero en la producci\u00f3n de aceite de jojoba en los Estados Unidos en los a\u00f1os 70 y seguimos siendo un jugador importante en Norteam\u00e9rica. Nuestro producto de jojoba m\u00e1s importante [&hellip;]<\/p>\n","protected":false},"author":7,"featured_media":0,"parent":0,"menu_order":0,"comment_status":"open","ping_status":"open","template":"","meta":{"rs_blank_template":"","rs_page_bg_color":"","slide_template_v7":"","footnotes":""},"class_list":["post-1350","page","type-page","status-publish","hentry"],"_links":{"self":[{"href":"https:\/\/desertking.com\/es\/wp-json\/wp\/v2\/pages\/1350","targetHints":{"allow":["GET"]}}],"collection":[{"href":"https:\/\/desertking.com\/es\/wp-json\/wp\/v2\/pages"}],"about":[{"href":"https:\/\/desertking.com\/es\/wp-json\/wp\/v2\/types\/page"}],"author":[{"embeddable":true,"href":"https:\/\/desertking.com\/es\/wp-json\/wp\/v2\/users\/7"}],"replies":[{"embeddable":true,"href":"https:\/\/desertking.com\/es\/wp-json\/wp\/v2\/comments?post=1350"}],"version-history":[{"count":0,"href":"https:\/\/desertking.com\/es\/wp-json\/wp\/v2\/pages\/1350\/revisions"}],"wp:attachment":[{"href":"https:\/\/desertking.com\/es\/wp-json\/wp\/v2\/media?parent=1350"}],"curies":[{"name":"wp","href":"https:\/\/api.w.org\/{rel}","templated":true}]}}